{"id":9337,"date":"2022-01-05T14:33:39","date_gmt":"2022-01-05T14:33:40","guid":{"rendered":"https:\/\/helliston.eu\/?post_type=product&#038;p=9337"},"modified":"2024-03-10T10:17:07","modified_gmt":"2024-03-10T10:17:07","slug":"hss-hoovliterad-210mm-hoovlile-gude-gadh-204-type-1-210x22x18mm","status":"publish","type":"product","link":"https:\/\/helliston.eu\/et\/toode\/hss-hoovliterad-210mm-hoovlile-gude-gadh-204-type-1-210x22x18mm\/","title":{"rendered":"T1 W18% H\u00f6\u00f6vliterad h\u00f6\u00f6vlile G\u00dcDE GADH 204 T\u00dc\u00dcP 1, HSS Volfram 18%, 210x22x1,8mm"},"content":{"rendered":"<p>Helliston HSS W18% h\u00f6\u00f6vliterad h\u00f6\u00f6vel-paksusmasinale G\u00dcDE GADH 204 T\u00dc\u00dcP 1. Meie terad on erakordselt teravad (0,2RA) ja vastupidavad. 18% volframisisaldus ja metalli k\u00f5vadus 66 HRC Rockwelli j\u00e4rgi tagavad pika eluea ja suurep\u00e4rase l\u00f5iketulemuse, isegi n\u00f5udlikes projektides.<\/p>\n<ol>\n<li><strong>Kogus ja m\u00f5\u00f5tmed :<\/strong>\n<ul>\n<li>1 paar h\u00f6\u00f6vliteri 210 x 22 x 1,8 mm h\u00f6\u00f6vel-paksusmasinale G\u00dcDE GADH 204 T\u00dc\u00dcP 1<\/li>\n<\/ul>\n<\/li>\n<li><strong>Teravad ja vastupidavad terad :<\/strong>\n<ul>\n<li>Meie h\u00f6\u00f6vliteradel on erakordselt terav serv (teritus 0.2Ra).<\/li>\n<li>HSS Volfram 18% tagab pika eluea ja suurep\u00e4rase l\u00f5iketulemuse.<\/li>\n<li>Meie h\u00f6\u00f6vliterad h\u00f6\u00f6vel-paksusmasinale G\u00dcDE GADH 204 TYP 1 on karastatud Rockwelli k\u00f5vaduseni 66HRC, suurendades nende vastupidavust veelgi..<\/li>\n<\/ul>\n<\/li>\n<li><strong>Keskkonnas\u00f5bralik pakend :<br \/>\n<\/strong><div class=\"row\"  id=\"row-1944690205\">\n\t<div id=\"col-1310651405\" class=\"col medium-1\/4 large-3\"  >\n\t\t\t\t<div class=\"col-inner\"  >\n\t\t\t\n\t\t\t<img loading=\"lazy\" decoding=\"async\" class=\"alignnone size-medium wp-image-22538\" src=\"https:\/\/helliston.eu\/wp-content\/uploads\/2022\/01\/symbols-188x300.jpg\" alt=\"\" width=\"188\" height=\"300\" srcset=\"https:\/\/helliston.eu\/wp-content\/uploads\/2022\/01\/symbols-188x300.jpg 188w, https:\/\/helliston.eu\/wp-content\/uploads\/2022\/01\/symbols-642x1024.jpg 642w, https:\/\/helliston.eu\/wp-content\/uploads\/2022\/01\/symbols-768x1226.jpg 768w, https:\/\/helliston.eu\/wp-content\/uploads\/2022\/01\/symbols-510x814.jpg 510w, https:\/\/helliston.eu\/wp-content\/uploads\/2022\/01\/symbols.jpg 797w\" sizes=\"auto, (max-width: 188px) 100vw, 188px\" \/>\t\t<\/div>\n\t\t\t\t\t<\/div>\n\n\t\n\n\t<div id=\"col-52423819\" class=\"col medium-3\/4 large-9\"  >\n\t\t\t\t<div class=\"col-inner\"  >\n\t\t\t\n\t\t\t\n<ul>\n<li>Meie h\u00f6\u00f6vliterade komplekt h\u00f6\u00f6vlile G\u00dcDE GADH 204 T\u00dc\u00dcP 1 on pakendatud keskkonnas\u00f5bralikult: 95% k\u00f5va pappi ja 5% biolagunevat plastikut..<\/li>\n<li>Kuna h\u00f6\u00f6vliterad on \u00f5litatud, kasutame v\u00e4ikeseid biolagunevaid plastikkotte, mis on lihtsalt eraldatavad \u00fclej\u00e4\u00e4nud tootepakendist. Neid v\u00f5ib panna kompostikasti v\u00f5i kui see pole v\u00f5imalik, saab neid lihtsalt sorteerimisele viia.<\/li>\n<li>Isegi papist \u00fcmbrikud, milles me oma tooteid saadame, on spetsiaalselt v\u00e4lja t\u00f6\u00f6tatud meie h\u00f6\u00f6vliterade jaoks, et v\u00e4hendada materjali ja v\u00e4ltida \u00fcleliigset t\u00fchja ruumi pakendis.<\/li>\n<\/ul>\n\t\t<\/div>\n\t\t\t\t\t<\/div>\n\n\t\n<\/div><\/li>\n<li><strong>Erinevad puuliigid :<\/strong>\n<ul>\n<li>Meie h\u00f6\u00f6vliterad h\u00f6\u00f6vel-paksusmasinale G\u00dcDE GADH 204 T\u00dc\u00dcP 1 sobivad h\u00e4sti nii pehme kui ka k\u00f5va puidu t\u00f6\u00f6tlemise jaoks, tammest m\u00e4nnini..<\/li>\n<\/ul>\n<\/li>\n<li><strong>Klienditugi :<\/strong>\n<ul>\n<li>V\u00f5ta meiega \u00fchendust e-posti teel, kui sul on k\u00fcsimusi; oleme valmis aitama.<\/li>\n<\/ul>\n<\/li>\n<\/ol>\n","protected":false},"excerpt":{"rendered":"<p>T1 HSS W18% h\u00f6\u00f6vliterad h\u00f6\u00f6vel-paksusmasinale G\u00dcDE GADH 204 T\u00dc\u00dcP 1, 210 x 22 x 1,8mm. 2 tera pakis . Valmistatud vastupidavast HSS kiirl\u00f5iketerasest, mille volframisisaldus on 18% (Rockwelli k\u00f5vadus: 66HRC). Terad on teritatud 0,2Ra-ni ja neid on v\u00f5imalik korduvalt teritada. Keskkonnas\u00f5bralik pakend (kartong ja biolagunev plast). T\u00e4psem info allpool.<\/p>\n<p><span style=\"color: #0000ff;\">Enne tellimist kontrollige palun tootefotosid ja oma vanu h\u00f6\u00f6velterasid! G\u00dcDE GADH 204-l on kahte t\u00fc\u00fcpi h\u00f6\u00f6vleid. \u00dcks h\u00f6\u00f6vel vajab 210x22x1,8 mm h\u00f6\u00f6velterasid 6 auguga (4 \u00fcmmarguse, 2 ristk\u00fclikukujulise), teine h\u00f6\u00f6vel vajab 210\u00d716,5\u00d71,5 mm h\u00f6\u00f6velterasid 2 auguga.<\/span><\/p>\n","protected":false},"featured_media":23033,"template":"","meta":[],"product_brand":[],"product_cat":[2495,853,816],"product_tag":[4320],"class_list":{"0":"post-9337","1":"product","2":"type-product","3":"status-publish","4":"has-post-thumbnail","6":"product_cat-riht-paksushoovel-gude-gadh-204","7":"product_cat-hoovliterad-hoovlile-gude","8":"product_cat-hoovliterad-markide-jargi","9":"product_tag-210x22-et","11":"first","12":"instock","13":"taxable","14":"shipping-taxable","15":"purchasable","16":"product-type-simple"},"jetpack_sharing_enabled":true,"_links":{"self":[{"href":"https:\/\/helliston.eu\/et\/wp-json\/wp\/v2\/product\/9337","targetHints":{"allow":["GET"]}}],"collection":[{"href":"https:\/\/helliston.eu\/et\/wp-json\/wp\/v2\/product"}],"about":[{"href":"https:\/\/helliston.eu\/et\/wp-json\/wp\/v2\/types\/product"}],"wp:featuredmedia":[{"embeddable":true,"href":"https:\/\/helliston.eu\/et\/wp-json\/wp\/v2\/media\/23033"}],"wp:attachment":[{"href":"https:\/\/helliston.eu\/et\/wp-json\/wp\/v2\/media?parent=9337"}],"wp:term":[{"taxonomy":"product_brand","embeddable":true,"href":"https:\/\/helliston.eu\/et\/wp-json\/wp\/v2\/product_brand?post=9337"},{"taxonomy":"product_cat","embeddable":true,"href":"https:\/\/helliston.eu\/et\/wp-json\/wp\/v2\/product_cat?post=9337"},{"taxonomy":"product_tag","embeddable":true,"href":"https:\/\/helliston.eu\/et\/wp-json\/wp\/v2\/product_tag?post=9337"}],"curies":[{"name":"wp","href":"https:\/\/api.w.org\/{rel}","templated":true}]}}