{"id":9331,"date":"2022-01-05T14:33:12","date_gmt":"2022-01-05T14:33:13","guid":{"rendered":"https:\/\/helliston.eu\/?post_type=product&#038;p=9331"},"modified":"2024-02-24T22:08:48","modified_gmt":"2024-02-24T22:08:48","slug":"hss-hoovliterad-210mm-hoovlile-scheppach-pt-85-2-tk","status":"publish","type":"product","link":"https:\/\/helliston.eu\/et\/toode\/hss-hoovliterad-210mm-hoovlile-scheppach-pt-85-2-tk\/","title":{"rendered":"HSS H\u00f6\u00f6vliterad 210mm h\u00f6\u00f6vlile Scheppach PT 85, 2 tk"},"content":{"rendered":"<p>Helliston HSS W18% planer knives for planer-thicknesser Scheppach PT 85. Our blades feature an exceptionally sharp edge (0.2RA) and robust durability. An 18% tungsten content and a metal hardness of 66 HRC according to Rockwell ensure a lasting lifespan and excellent cutting performance, even in demanding projects.<\/p>\n<ol>\n<li><strong>Quantity and dimensions:<\/strong>\n<ul>\n<li>1 set of 2 planer blades 210 x 22 x 1,8 mm for planer-thicknesser Scheppach PT 85<\/li>\n<\/ul>\n<\/li>\n<li><strong>Sharp and durable blades:<\/strong>\n<ul>\n<li>Our planer blades feature an exceptionally sharp edge, ground to a surface finish of 0.2Ra.<\/li>\n<li>HSS Wolfram 18% ensures a long lifespan and superior cutting performance.<\/li>\n<li>Our planer blades for jointer\/ planer-thicknesser Scheppach PT 85 are hardened to a Rockwell hardness of 66 HRC, further enhancing their durability.<\/li>\n<\/ul>\n<\/li>\n<li><strong>Eco-friendly packaging:<br \/>\n<\/strong><div class=\"row\"  id=\"row-406854384\">\n\t<div id=\"col-1712390402\" class=\"col medium-1\/4 large-3\"  >\n\t\t\t\t<div class=\"col-inner\"  >\n\t\t\t\n\t\t\t<img loading=\"lazy\" decoding=\"async\" class=\"alignnone size-medium wp-image-22538\" src=\"https:\/\/helliston.eu\/wp-content\/uploads\/2022\/01\/symbols-188x300.jpg\" alt=\"\" width=\"188\" height=\"300\" srcset=\"https:\/\/www.helliston.eu\/wp-content\/uploads\/2022\/01\/symbols-188x300.jpg 188w, https:\/\/www.helliston.eu\/wp-content\/uploads\/2022\/01\/symbols-642x1024.jpg 642w, https:\/\/www.helliston.eu\/wp-content\/uploads\/2022\/01\/symbols-768x1226.jpg 768w, https:\/\/www.helliston.eu\/wp-content\/uploads\/2022\/01\/symbols-510x814.jpg 510w, https:\/\/www.helliston.eu\/wp-content\/uploads\/2022\/01\/symbols.jpg 797w\" sizes=\"auto, (max-width: 188px) 100vw, 188px\" \/>\t\t<\/div>\n\t\t\t\t\t<\/div>\n\n\t\n\n\t<div id=\"col-1085101510\" class=\"col medium-3\/4 large-9\"  >\n\t\t\t\t<div class=\"col-inner\"  >\n\t\t\t\n\t\t\t\n<ul>\n<li>Our set of 2 replacement blades for Scheppach PT 85 comes in eco-friendly packaging: 95% hard carton and 5% biodegradable plastic.<\/li>\n<li>Because the blades are oiled, we use small biodegradable plastic bags that are easy to separate from the rest of the product package. They can be put into the compost bin, or if that is not possible, they can be easily recycled.<\/li>\n<li>Even the cardboard envelopes in which we ship our products are specially developed for our blades to minimize material usage and avoid extra empty space in the package.<\/li>\n<\/ul>\n\t\t<\/div>\n\t\t\t\t\t<\/div>\n\n\t\n<\/div><\/li>\n<li><strong>Various types of wood:<\/strong>\n<ul>\n<li>Our replacement planer blades for surface planer and thicknesser Scheppach PT 85 are ideal for handling both soft and hard woods, from oak to pine.<\/li>\n<\/ul>\n<\/li>\n<li><strong>Customer support:<\/strong>\n<ul>\n<li>Feel free to reach out with any questions via email; we are ready to assist you.<\/li>\n<\/ul>\n<\/li>\n<\/ol>\n","protected":false},"excerpt":{"rendered":"<p><strong>HSS H\u00f6\u00f6vliterad 210mm h\u00f6\u00f6vlile Scheppach PT 85, 210x22x1,8mm.<\/strong> 2 tera\/ pakis. Valmistatud vastupidavast HSS kiirl\u00f5iketerasest (Rockwelli k\u00f5vadus 63+HRC). Teritatavad terad. Lisainfo allpool.<\/p>\n","protected":false},"featured_media":22991,"template":"","meta":[],"product_brand":[],"product_cat":[816,1769,881],"product_tag":[4320],"class_list":{"0":"post-9331","1":"product","2":"type-product","3":"status-publish","4":"has-post-thumbnail","6":"product_cat-hoovliterad-markide-jargi","7":"product_cat-riht-paksushoovel-scheppach-pt-85-210mm","8":"product_cat-hoovliterad-hoovlile-scheppach","9":"product_tag-210x22-et","11":"first","12":"instock","13":"taxable","14":"shipping-taxable","15":"purchasable","16":"product-type-simple"},"jetpack_sharing_enabled":true,"_links":{"self":[{"href":"https:\/\/helliston.eu\/et\/wp-json\/wp\/v2\/product\/9331","targetHints":{"allow":["GET"]}}],"collection":[{"href":"https:\/\/helliston.eu\/et\/wp-json\/wp\/v2\/product"}],"about":[{"href":"https:\/\/helliston.eu\/et\/wp-json\/wp\/v2\/types\/product"}],"wp:featuredmedia":[{"embeddable":true,"href":"https:\/\/helliston.eu\/et\/wp-json\/wp\/v2\/media\/22991"}],"wp:attachment":[{"href":"https:\/\/helliston.eu\/et\/wp-json\/wp\/v2\/media?parent=9331"}],"wp:term":[{"taxonomy":"product_brand","embeddable":true,"href":"https:\/\/helliston.eu\/et\/wp-json\/wp\/v2\/product_brand?post=9331"},{"taxonomy":"product_cat","embeddable":true,"href":"https:\/\/helliston.eu\/et\/wp-json\/wp\/v2\/product_cat?post=9331"},{"taxonomy":"product_tag","embeddable":true,"href":"https:\/\/helliston.eu\/et\/wp-json\/wp\/v2\/product_tag?post=9331"}],"curies":[{"name":"wp","href":"https:\/\/api.w.org\/{rel}","templated":true}]}}