{"id":9237,"date":"2022-01-04T15:37:04","date_gmt":"2022-01-04T15:37:06","guid":{"rendered":"https:\/\/helliston.eu\/?post_type=product&#038;p=9237"},"modified":"2023-03-30T18:34:49","modified_gmt":"2023-03-30T18:34:49","slug":"hoovliterad-hoovlile-sparky-p3180-hss-180x8x2mm","status":"publish","type":"product","link":"https:\/\/helliston.eu\/et\/toode\/hoovliterad-hoovlile-sparky-p3180-hss-180x8x2mm\/","title":{"rendered":"H\u00f6\u00f6vliterad h\u00f6\u00f6vlile Sparky P3180, HSS, 180x8x2mm"},"content":{"rendered":"","protected":false},"excerpt":{"rendered":"<p>HSS h\u00f6\u00f6velterad h\u00f6\u00f6vlile Sparky P 3180, 180x8x2mm. 3 h\u00f6\u00f6vlitera\/pakis. Valmistatud vastupidavast HSS kiirl\u00f5iketerasest (Rockwelli k\u00f5vadus 63+HRC). Terad on teritatavad. Rohkem informatsiooni allpool.<\/p>\n","protected":false},"featured_media":9243,"template":"","meta":[],"product_brand":[],"product_cat":[420,816,2426,2404],"product_tag":[],"class_list":{"0":"post-9237","1":"product","2":"type-product","3":"status-publish","4":"has-post-thumbnail","6":"product_cat-180mm-hoovlile-triton-tpl180","7":"product_cat-hoovliterad-markide-jargi","8":"product_cat-hoovlile-sparky-p-3180","9":"product_cat-hoovliterad-hoovile-sparky","11":"first","12":"instock","13":"taxable","14":"shipping-taxable","15":"purchasable","16":"product-type-simple"},"jetpack_sharing_enabled":true,"_links":{"self":[{"href":"https:\/\/helliston.eu\/et\/wp-json\/wp\/v2\/product\/9237","targetHints":{"allow":["GET"]}}],"collection":[{"href":"https:\/\/helliston.eu\/et\/wp-json\/wp\/v2\/product"}],"about":[{"href":"https:\/\/helliston.eu\/et\/wp-json\/wp\/v2\/types\/product"}],"wp:featuredmedia":[{"embeddable":true,"href":"https:\/\/helliston.eu\/et\/wp-json\/wp\/v2\/media\/9243"}],"wp:attachment":[{"href":"https:\/\/helliston.eu\/et\/wp-json\/wp\/v2\/media?parent=9237"}],"wp:term":[{"taxonomy":"product_brand","embeddable":true,"href":"https:\/\/helliston.eu\/et\/wp-json\/wp\/v2\/product_brand?post=9237"},{"taxonomy":"product_cat","embeddable":true,"href":"https:\/\/helliston.eu\/et\/wp-json\/wp\/v2\/product_cat?post=9237"},{"taxonomy":"product_tag","embeddable":true,"href":"https:\/\/helliston.eu\/et\/wp-json\/wp\/v2\/product_tag?post=9237"}],"curies":[{"name":"wp","href":"https:\/\/api.w.org\/{rel}","templated":true}]}}