{"id":9054,"date":"2021-08-20T13:24:51","date_gmt":"2021-08-20T13:24:51","guid":{"rendered":"https:\/\/helliston.eu\/?post_type=product&#038;p=9054"},"modified":"2022-01-21T19:42:38","modified_gmt":"2022-01-21T19:42:38","slug":"hss-hoovliterad-50mm-hoovlitele-makita-1051dw-1050dw-50x8x2mm-2-tk","status":"publish","type":"product","link":"https:\/\/helliston.eu\/et\/toode\/hss-hoovliterad-50mm-hoovlitele-makita-1051dw-1050dw-50x8x2mm-2-tk\/","title":{"rendered":"HSS H\u00f6\u00f6vliterad 50mm h\u00f6\u00f6vlitele Makita 1051DW, 1050DW, 50x8x2mm, 2 tk"},"content":{"rendered":"","protected":false},"excerpt":{"rendered":"<p><strong>HSS h\u00f6\u00f6vliterad 50mm h\u00f6\u00f6vlitele Makita 1051DW ja 1050DW, 50x8x2mm.<\/strong> 2 tera\/ pakis. Valmistatud vastupidavast HSS kiirl\u00f5iketerasest. Lisainfo allpool.<\/p>\n","protected":false},"featured_media":9060,"template":"","meta":[],"product_brand":[],"product_cat":[508,197,868],"product_tag":[],"class_list":{"0":"post-9054","1":"product","2":"type-product","3":"status-publish","4":"has-post-thumbnail","6":"product_cat-50mm-hoovlile-ryobi-pb50a2","7":"product_cat-hoovliterad","8":"product_cat-hoovliterad-hoovlile-makita","10":"first","11":"instock","12":"taxable","13":"shipping-taxable","14":"purchasable","15":"product-type-simple"},"jetpack_sharing_enabled":true,"_links":{"self":[{"href":"https:\/\/helliston.eu\/et\/wp-json\/wp\/v2\/product\/9054","targetHints":{"allow":["GET"]}}],"collection":[{"href":"https:\/\/helliston.eu\/et\/wp-json\/wp\/v2\/product"}],"about":[{"href":"https:\/\/helliston.eu\/et\/wp-json\/wp\/v2\/types\/product"}],"wp:featuredmedia":[{"embeddable":true,"href":"https:\/\/helliston.eu\/et\/wp-json\/wp\/v2\/media\/9060"}],"wp:attachment":[{"href":"https:\/\/helliston.eu\/et\/wp-json\/wp\/v2\/media?parent=9054"}],"wp:term":[{"taxonomy":"product_brand","embeddable":true,"href":"https:\/\/helliston.eu\/et\/wp-json\/wp\/v2\/product_brand?post=9054"},{"taxonomy":"product_cat","embeddable":true,"href":"https:\/\/helliston.eu\/et\/wp-json\/wp\/v2\/product_cat?post=9054"},{"taxonomy":"product_tag","embeddable":true,"href":"https:\/\/helliston.eu\/et\/wp-json\/wp\/v2\/product_tag?post=9054"}],"curies":[{"name":"wp","href":"https:\/\/api.w.org\/{rel}","templated":true}]}}