{"id":8345,"date":"2021-01-02T16:42:31","date_gmt":"2021-01-02T16:42:32","guid":{"rendered":"https:\/\/helliston.eu\/?post_type=product&#038;p=8345"},"modified":"2021-01-24T17:22:14","modified_gmt":"2021-01-24T17:22:14","slug":"hss-hoovliterad-260mm-kahe-suvendiga-hoovlitele-scheppach-hmc-260-hmc-2600-2-tk","status":"publish","type":"product","link":"https:\/\/helliston.eu\/et\/toode\/hss-hoovliterad-260mm-kahe-suvendiga-hoovlitele-scheppach-hmc-260-hmc-2600-2-tk\/","title":{"rendered":"HSS H\u00f6\u00f6vliterad 260mm KAHE S\u00dcVENDIGA, h\u00f6\u00f6vlitele Scheppach HMC 260, HMC 2600, 2 tk"},"content":{"rendered":"","protected":false},"excerpt":{"rendered":"<p><strong>HSS h\u00f6\u00f6vliterad KAHE S\u00dcVENDIGA 260x18x3mm h\u00f6\u00f6vlile Scheppach HMC 260, HMC 2600.<\/strong> 2 tera\/ pakis. Valmistatud vastupidavast HSS kiirl\u00f5iketerasest (Rockwelli k\u00f5vadus 63+HRC). Sobivad ennek\u00f5ike pehmepuidu t\u00f6\u00f6tlemiseks, ent ka k\u00f5vapuidu jaoks. Teritatavad terad. Lisainfo allpool.<\/p>\n","protected":false},"featured_media":5996,"template":"","meta":[],"product_brand":[],"product_cat":[427,1758,1759,197,816,881],"product_tag":[],"class_list":{"0":"post-8345","1":"product","2":"type-product","3":"status-publish","4":"has-post-thumbnail","6":"product_cat-260mm-for-scheppach-hms260-metabo-elektra-beckum-hc260-hc260m-hc260c-hc260e-hc260es-hc260k-et","7":"product_cat-riht-paksushoovel-scheppach-hmc-260mm","8":"product_cat-riht-paksushoovel-scheppach-hmc-2600-260mm","9":"product_cat-hoovliterad","10":"product_cat-hoovliterad-markide-jargi","11":"product_cat-hoovliterad-hoovlile-scheppach","13":"first","14":"outofstock","15":"taxable","16":"shipping-taxable","17":"product-type-simple"},"jetpack_sharing_enabled":true,"_links":{"self":[{"href":"https:\/\/helliston.eu\/et\/wp-json\/wp\/v2\/product\/8345","targetHints":{"allow":["GET"]}}],"collection":[{"href":"https:\/\/helliston.eu\/et\/wp-json\/wp\/v2\/product"}],"about":[{"href":"https:\/\/helliston.eu\/et\/wp-json\/wp\/v2\/types\/product"}],"wp:featuredmedia":[{"embeddable":true,"href":"https:\/\/helliston.eu\/et\/wp-json\/wp\/v2\/media\/5996"}],"wp:attachment":[{"href":"https:\/\/helliston.eu\/et\/wp-json\/wp\/v2\/media?parent=8345"}],"wp:term":[{"taxonomy":"product_brand","embeddable":true,"href":"https:\/\/helliston.eu\/et\/wp-json\/wp\/v2\/product_brand?post=8345"},{"taxonomy":"product_cat","embeddable":true,"href":"https:\/\/helliston.eu\/et\/wp-json\/wp\/v2\/product_cat?post=8345"},{"taxonomy":"product_tag","embeddable":true,"href":"https:\/\/helliston.eu\/et\/wp-json\/wp\/v2\/product_tag?post=8345"}],"curies":[{"name":"wp","href":"https:\/\/api.w.org\/{rel}","templated":true}]}}