{"id":8338,"date":"2021-01-02T16:36:39","date_gmt":"2021-01-02T16:36:40","guid":{"rendered":"https:\/\/helliston.eu\/?post_type=product&#038;p=8338"},"modified":"2021-01-24T17:22:07","modified_gmt":"2021-01-24T17:22:07","slug":"hss-hoovliterad-260mm-kahe-suvendiga-hoovlitele-scheppach-hms260-hms2600-2-tk","status":"publish","type":"product","link":"https:\/\/helliston.eu\/et\/toode\/hss-hoovliterad-260mm-kahe-suvendiga-hoovlitele-scheppach-hms260-hms2600-2-tk\/","title":{"rendered":"HSS H\u00f6\u00f6vliterad 260mm KAHE S\u00dcVENDIGA, h\u00f6\u00f6vlitele Scheppach HMS260, HMS2600, 2 tk"},"content":{"rendered":"","protected":false},"excerpt":{"rendered":"<p><strong>HSS h\u00f6\u00f6vliterad KAHE S\u00dcVENDIGA 260x18x3mm h\u00f6\u00f6vlile Scheppach HMS260, HMS2600.<\/strong> 2 tera\/ pakis. Valmistatud vastupidavast HSS kiirl\u00f5iketerasest (Rockwelli k\u00f5vadus 63+HRC). Sobivad ennek\u00f5ike pehmepuidu t\u00f6\u00f6tlemiseks, ent ka k\u00f5vapuidu jaoks. Teritatavad terad. Lisainfo allpool.<\/p>\n","protected":false},"featured_media":5996,"template":"","meta":[],"product_brand":[],"product_cat":[427,1761,1764,197,816,881],"product_tag":[],"class_list":{"0":"post-8338","1":"product","2":"type-product","3":"status-publish","4":"has-post-thumbnail","6":"product_cat-260mm-for-scheppach-hms260-metabo-elektra-beckum-hc260-hc260m-hc260c-hc260e-hc260es-hc260k-et","7":"product_cat-riht-paksushoovel-scheppach-hms-260-260mm","8":"product_cat-riht-paksushoovel-scheppach-hms-2600-260mm","9":"product_cat-hoovliterad","10":"product_cat-hoovliterad-markide-jargi","11":"product_cat-hoovliterad-hoovlile-scheppach","13":"first","14":"outofstock","15":"taxable","16":"shipping-taxable","17":"product-type-simple"},"jetpack_sharing_enabled":true,"_links":{"self":[{"href":"https:\/\/helliston.eu\/et\/wp-json\/wp\/v2\/product\/8338","targetHints":{"allow":["GET"]}}],"collection":[{"href":"https:\/\/helliston.eu\/et\/wp-json\/wp\/v2\/product"}],"about":[{"href":"https:\/\/helliston.eu\/et\/wp-json\/wp\/v2\/types\/product"}],"wp:featuredmedia":[{"embeddable":true,"href":"https:\/\/helliston.eu\/et\/wp-json\/wp\/v2\/media\/5996"}],"wp:attachment":[{"href":"https:\/\/helliston.eu\/et\/wp-json\/wp\/v2\/media?parent=8338"}],"wp:term":[{"taxonomy":"product_brand","embeddable":true,"href":"https:\/\/helliston.eu\/et\/wp-json\/wp\/v2\/product_brand?post=8338"},{"taxonomy":"product_cat","embeddable":true,"href":"https:\/\/helliston.eu\/et\/wp-json\/wp\/v2\/product_cat?post=8338"},{"taxonomy":"product_tag","embeddable":true,"href":"https:\/\/helliston.eu\/et\/wp-json\/wp\/v2\/product_tag?post=8338"}],"curies":[{"name":"wp","href":"https:\/\/api.w.org\/{rel}","templated":true}]}}