{"id":8307,"date":"2021-01-02T13:16:31","date_gmt":"2021-01-02T13:16:32","guid":{"rendered":"https:\/\/helliston.eu\/?post_type=product&#038;p=8307"},"modified":"2023-03-30T13:41:19","modified_gmt":"2023-03-30T13:41:19","slug":"hoovliterad-hoovlile-dewalt-dw733-dw7332-dw733-qs-tuup-2-hss-318x19x3mm","status":"publish","type":"product","link":"https:\/\/helliston.eu\/et\/toode\/hoovliterad-hoovlile-dewalt-dw733-dw7332-dw733-qs-tuup-2-hss-318x19x3mm\/","title":{"rendered":"H\u00f6\u00f6vliterad h\u00f6\u00f6vlile Dewalt DW733, DW7332, DW733-QS T\u00dc\u00dcP 2, HSS, 318x19x3mm,"},"content":{"rendered":"","protected":false},"excerpt":{"rendered":"<p>HSS h\u00f6\u00f6vliterad paksusmasinale Dewalt DW733, DW7332, DW733-QS T\u00dc\u00dcP 2, 318 x 19 x 3mm. 2 tera\/ pakis. Valmistatud vastupidavast HSS kiirl\u00f5iketerasest (Rockwelli k\u00f5vadus 63+HRC). Terad on teritatavad. Rohkem informatsiooni allpool.<\/p>\n<p><span style=\"color: #0000ff;\">Enne tellimist kontrollige palun tootefotosid ja oma vanu h\u00f6\u00f6velterasid! Dewalt DW733 h\u00f6\u00f6vlil on 2 mudeit. \u00dcks h\u00f6\u00f6vel vajab 317x25x3mm h\u00f6\u00f6velterasid (8 auguga), teine h\u00f6\u00f6vel vajab 318x19x3mm h\u00f6\u00f6velterasid (2 auguga).<\/span><\/p>\n","protected":false},"featured_media":9475,"template":"","meta":[],"product_brand":[],"product_cat":[3444,513,841,1533,197],"product_tag":[],"class_list":{"0":"post-8307","1":"product","2":"type-product","3":"status-publish","4":"has-post-thumbnail","6":"product_cat-dw733-qs-et","7":"product_cat-318-mm-hoovlile-dewalt-dw733-dw7332-qs-ryobi-rap-1500g-etc","8":"product_cat-hoovliterad-hoovlile-dewalt","9":"product_cat-riht-paksushoovel-dw733-dw7332-dw7330-dw733s-260-317-318mm","10":"product_cat-hoovliterad","12":"first","13":"outofstock","14":"taxable","15":"shipping-taxable","16":"purchasable","17":"product-type-simple"},"jetpack_sharing_enabled":true,"_links":{"self":[{"href":"https:\/\/helliston.eu\/et\/wp-json\/wp\/v2\/product\/8307","targetHints":{"allow":["GET"]}}],"collection":[{"href":"https:\/\/helliston.eu\/et\/wp-json\/wp\/v2\/product"}],"about":[{"href":"https:\/\/helliston.eu\/et\/wp-json\/wp\/v2\/types\/product"}],"wp:featuredmedia":[{"embeddable":true,"href":"https:\/\/helliston.eu\/et\/wp-json\/wp\/v2\/media\/9475"}],"wp:attachment":[{"href":"https:\/\/helliston.eu\/et\/wp-json\/wp\/v2\/media?parent=8307"}],"wp:term":[{"taxonomy":"product_brand","embeddable":true,"href":"https:\/\/helliston.eu\/et\/wp-json\/wp\/v2\/product_brand?post=8307"},{"taxonomy":"product_cat","embeddable":true,"href":"https:\/\/helliston.eu\/et\/wp-json\/wp\/v2\/product_cat?post=8307"},{"taxonomy":"product_tag","embeddable":true,"href":"https:\/\/helliston.eu\/et\/wp-json\/wp\/v2\/product_tag?post=8307"}],"curies":[{"name":"wp","href":"https:\/\/api.w.org\/{rel}","templated":true}]}}