{"id":8285,"date":"2021-01-02T12:52:07","date_gmt":"2021-01-02T12:52:08","guid":{"rendered":"https:\/\/helliston.eu\/?post_type=product&#038;p=8285"},"modified":"2023-03-30T13:38:51","modified_gmt":"2023-03-30T13:38:51","slug":"hoovliterad-hoovlile-dewalt-de7333-xj-hss-260x21x3mm","status":"publish","type":"product","link":"https:\/\/helliston.eu\/et\/toode\/hoovliterad-hoovlile-dewalt-de7333-xj-hss-260x21x3mm\/","title":{"rendered":"H\u00f6\u00f6vliterad h\u00f6\u00f6vlile Dewalt DE7333-XJ, HSS, 260x21x3mm"},"content":{"rendered":"","protected":false},"excerpt":{"rendered":"<div class=\"product-short-description\">\n<p>HSS h\u00f6\u00f6vliterad h\u00f6\u00f6vel-paksusmasinale Dewalt DE7333-XJ, 260 x 21 x 3 mm. 2 tera\/ pakis. Valmistatud vastupidavast HSS kiirl\u00f5iketerasest (Rockwelli k\u00f5vadus 63+HRC). Terad on teritatavad. Rohkem informatsiooni allpool.<\/p>\n<\/div>\n","protected":false},"featured_media":12968,"template":"","meta":[],"product_brand":[],"product_cat":[427,2386,841,197,816],"product_tag":[],"class_list":{"0":"post-8285","1":"product","2":"type-product","3":"status-publish","4":"has-post-thumbnail","6":"product_cat-260mm-for-scheppach-hms260-metabo-elektra-beckum-hc260-hc260m-hc260c-hc260e-hc260es-hc260k-et","7":"product_cat-riht-paksushoovel-dewalt-de7333-xj-hoovliterad-hoovlile-dewalt","8":"product_cat-hoovliterad-hoovlile-dewalt","9":"product_cat-hoovliterad","10":"product_cat-hoovliterad-markide-jargi","12":"first","13":"instock","14":"taxable","15":"shipping-taxable","16":"purchasable","17":"product-type-simple"},"jetpack_sharing_enabled":true,"_links":{"self":[{"href":"https:\/\/helliston.eu\/et\/wp-json\/wp\/v2\/product\/8285","targetHints":{"allow":["GET"]}}],"collection":[{"href":"https:\/\/helliston.eu\/et\/wp-json\/wp\/v2\/product"}],"about":[{"href":"https:\/\/helliston.eu\/et\/wp-json\/wp\/v2\/types\/product"}],"wp:featuredmedia":[{"embeddable":true,"href":"https:\/\/helliston.eu\/et\/wp-json\/wp\/v2\/media\/12968"}],"wp:attachment":[{"href":"https:\/\/helliston.eu\/et\/wp-json\/wp\/v2\/media?parent=8285"}],"wp:term":[{"taxonomy":"product_brand","embeddable":true,"href":"https:\/\/helliston.eu\/et\/wp-json\/wp\/v2\/product_brand?post=8285"},{"taxonomy":"product_cat","embeddable":true,"href":"https:\/\/helliston.eu\/et\/wp-json\/wp\/v2\/product_cat?post=8285"},{"taxonomy":"product_tag","embeddable":true,"href":"https:\/\/helliston.eu\/et\/wp-json\/wp\/v2\/product_tag?post=8285"}],"curies":[{"name":"wp","href":"https:\/\/api.w.org\/{rel}","templated":true}]}}