{"id":7869,"date":"2020-11-15T18:12:29","date_gmt":"2020-11-15T18:12:30","guid":{"rendered":"https:\/\/helliston.eu\/?post_type=product&#038;p=7869"},"modified":"2021-01-24T18:07:18","modified_gmt":"2021-01-24T18:07:18","slug":"hm-tct-hoovliterad-260x20x3mm-kahe-suvendiga-hoovlile-metabo-hc-260-c-hc-260-m-hc-260-k-2-tk","status":"publish","type":"product","link":"https:\/\/www.helliston.eu\/et\/toode\/hm-tct-hoovliterad-260x20x3mm-kahe-suvendiga-hoovlile-metabo-hc-260-c-hc-260-m-hc-260-k-2-tk\/","title":{"rendered":"HM\/TCT H\u00f6\u00f6vliterad 260x20x3mm KAHE S\u00dcVENDIGA h\u00f6\u00f6vlile Metabo HC 260 C, HC 260 M, HC 260 K, 2 tk"},"content":{"rendered":"","protected":false},"excerpt":{"rendered":"<p><strong>HM\/TCT h\u00f6\u00f6vliterad KAHE S\u00dcVENDIGA 260x20x3mm h\u00f6\u00f6vlimudelitele Metabo HC260C, HC260M, HC260K.<\/strong> 2 tera\/ pakis. Valmistatud vastupidavast volframkarbiidist (Rockwelli k\u00f5vadus 90+HRA). Optimaalne igat t\u00fc\u00fcpi puidule ja puitmaterjalile. V\u00f5rreldes HSS\u2019iga p\u00fcsivad HM\/TCT terad kuni 5 korda kauem teravad. Terad on teritatavad. Lisainformatsioon allpool.<\/p>\n","protected":false},"featured_media":7435,"template":"","meta":[],"product_brand":[],"product_cat":[874,1675],"product_tag":[],"class_list":{"0":"post-7869","1":"product","2":"type-product","3":"status-publish","4":"has-post-thumbnail","6":"product_cat-hoovliterad-hoovlile-metabo","7":"product_cat-riht-paksushoovel-hc260c-hc260m-hc260k-260-mm","9":"first","10":"instock","11":"taxable","12":"shipping-taxable","13":"purchasable","14":"product-type-simple"},"jetpack_sharing_enabled":true,"_links":{"self":[{"href":"https:\/\/www.helliston.eu\/et\/wp-json\/wp\/v2\/product\/7869","targetHints":{"allow":["GET"]}}],"collection":[{"href":"https:\/\/www.helliston.eu\/et\/wp-json\/wp\/v2\/product"}],"about":[{"href":"https:\/\/www.helliston.eu\/et\/wp-json\/wp\/v2\/types\/product"}],"wp:featuredmedia":[{"embeddable":true,"href":"https:\/\/www.helliston.eu\/et\/wp-json\/wp\/v2\/media\/7435"}],"wp:attachment":[{"href":"https:\/\/www.helliston.eu\/et\/wp-json\/wp\/v2\/media?parent=7869"}],"wp:term":[{"taxonomy":"product_brand","embeddable":true,"href":"https:\/\/www.helliston.eu\/et\/wp-json\/wp\/v2\/product_brand?post=7869"},{"taxonomy":"product_cat","embeddable":true,"href":"https:\/\/www.helliston.eu\/et\/wp-json\/wp\/v2\/product_cat?post=7869"},{"taxonomy":"product_tag","embeddable":true,"href":"https:\/\/www.helliston.eu\/et\/wp-json\/wp\/v2\/product_tag?post=7869"}],"curies":[{"name":"wp","href":"https:\/\/api.w.org\/{rel}","templated":true}]}}