{"id":7863,"date":"2020-11-15T18:09:32","date_gmt":"2020-11-15T18:09:33","guid":{"rendered":"https:\/\/helliston.eu\/?post_type=product&#038;p=7863"},"modified":"2021-01-24T18:04:12","modified_gmt":"2021-01-24T18:04:12","slug":"hm-tct-hoovliterad-260x20x3mm-hoovlitele-metabo-hc-260-c-hc-260-m-hc-260-k-suvenditeta-2-tk","status":"publish","type":"product","link":"https:\/\/helliston.eu\/et\/toode\/hm-tct-hoovliterad-260x20x3mm-hoovlitele-metabo-hc-260-c-hc-260-m-hc-260-k-suvenditeta-2-tk\/","title":{"rendered":"HM\/TCT H\u00f6\u00f6vliterad 260x20x3mm h\u00f6\u00f6vlitele Metabo HC 260 C, HC 260 M, HC 260 K, (s\u00fcvenditeta), 2 tk"},"content":{"rendered":"","protected":false},"excerpt":{"rendered":"<p><strong>HM\/TCT h\u00f6\u00f6vliterad 260x20x3mm h\u00f6\u00f6vlimudelitele Metabo HC260C, HC260M, HC260K, S\u00dcVENDITETA. <\/strong>2 tera\/ pakis. Valmistatud vastupidavast volframkarbiidist (Rockwelli k\u00f5vadus 90+HRA). Optimaalne igat t\u00fc\u00fcpi puidule ja puitmaterjalile. V\u00f5rreldes HSS\u2019iga p\u00fcsivad HM\/TCT terad kuni 5 korda kauem teravad. Terad on teritatavad. Lisainformatsioon allpool.<\/p>\n","protected":false},"featured_media":7534,"template":"","meta":[],"product_brand":[],"product_cat":[874,1675],"product_tag":[],"class_list":{"0":"post-7863","1":"product","2":"type-product","3":"status-publish","4":"has-post-thumbnail","6":"product_cat-hoovliterad-hoovlile-metabo","7":"product_cat-riht-paksushoovel-hc260c-hc260m-hc260k-260-mm","9":"first","10":"instock","11":"taxable","12":"shipping-taxable","13":"purchasable","14":"product-type-simple"},"jetpack_sharing_enabled":true,"_links":{"self":[{"href":"https:\/\/helliston.eu\/et\/wp-json\/wp\/v2\/product\/7863","targetHints":{"allow":["GET"]}}],"collection":[{"href":"https:\/\/helliston.eu\/et\/wp-json\/wp\/v2\/product"}],"about":[{"href":"https:\/\/helliston.eu\/et\/wp-json\/wp\/v2\/types\/product"}],"wp:featuredmedia":[{"embeddable":true,"href":"https:\/\/helliston.eu\/et\/wp-json\/wp\/v2\/media\/7534"}],"wp:attachment":[{"href":"https:\/\/helliston.eu\/et\/wp-json\/wp\/v2\/media?parent=7863"}],"wp:term":[{"taxonomy":"product_brand","embeddable":true,"href":"https:\/\/helliston.eu\/et\/wp-json\/wp\/v2\/product_brand?post=7863"},{"taxonomy":"product_cat","embeddable":true,"href":"https:\/\/helliston.eu\/et\/wp-json\/wp\/v2\/product_cat?post=7863"},{"taxonomy":"product_tag","embeddable":true,"href":"https:\/\/helliston.eu\/et\/wp-json\/wp\/v2\/product_tag?post=7863"}],"curies":[{"name":"wp","href":"https:\/\/api.w.org\/{rel}","templated":true}]}}