{"id":7857,"date":"2020-11-15T18:01:26","date_gmt":"2020-11-15T18:01:27","guid":{"rendered":"https:\/\/helliston.eu\/?post_type=product&#038;p=7857"},"modified":"2022-01-22T14:04:14","modified_gmt":"2022-01-22T14:04:14","slug":"hss-wolfram-18-hoovliterad-260x20x3mm-hoovlile-metabo-hc-260-c-hc-260-m-hc-260-k-suvenditeta-2-tk","status":"publish","type":"product","link":"https:\/\/www.helliston.eu\/et\/toode\/hss-wolfram-18-hoovliterad-260x20x3mm-hoovlile-metabo-hc-260-c-hc-260-m-hc-260-k-suvenditeta-2-tk\/","title":{"rendered":"HSS Wolfram 18% H\u00f6\u00f6vliterad 260x20x3mm h\u00f6\u00f6vlile Metabo HC 260 C, HC 260 M, HC 260 K, (s\u00fcvenditeta), 2 tk"},"content":{"rendered":"","protected":false},"excerpt":{"rendered":"<p><strong>T1 HSS Wolfram 18% h\u00f6\u00f6vliterad 260x20x3mm h\u00f6\u00f6vlimudelitele Metabo HC260C, HC260M, HC260K, S\u00dcVENDITETA.<\/strong> 2 tera\/ pakis. Valmistatud esmaklassilisest T1 HSS W18% kiirl\u00f5iketerasest (Rockwelli k\u00f5vadus 63-65 HRC). V\u00f5rreldes tavap\u00e4rase HSS\u2019iga on T1 HSS W18% terad vastupidavamad \u2013 suurep\u00e4rane valik nii k\u00f5va- kui ka pehmepudu t\u00f6\u00f6tlemiseks! Terad on teritatavad. Lisainfo allpool.<\/p>\n","protected":false},"featured_media":7548,"template":"","meta":[],"product_brand":[],"product_cat":[874,1675],"product_tag":[],"class_list":{"0":"post-7857","1":"product","2":"type-product","3":"status-publish","4":"has-post-thumbnail","6":"product_cat-hoovliterad-hoovlile-metabo","7":"product_cat-riht-paksushoovel-hc260c-hc260m-hc260k-260-mm","9":"first","10":"instock","11":"taxable","12":"shipping-taxable","13":"purchasable","14":"product-type-simple"},"jetpack_sharing_enabled":true,"_links":{"self":[{"href":"https:\/\/www.helliston.eu\/et\/wp-json\/wp\/v2\/product\/7857","targetHints":{"allow":["GET"]}}],"collection":[{"href":"https:\/\/www.helliston.eu\/et\/wp-json\/wp\/v2\/product"}],"about":[{"href":"https:\/\/www.helliston.eu\/et\/wp-json\/wp\/v2\/types\/product"}],"wp:featuredmedia":[{"embeddable":true,"href":"https:\/\/www.helliston.eu\/et\/wp-json\/wp\/v2\/media\/7548"}],"wp:attachment":[{"href":"https:\/\/www.helliston.eu\/et\/wp-json\/wp\/v2\/media?parent=7857"}],"wp:term":[{"taxonomy":"product_brand","embeddable":true,"href":"https:\/\/www.helliston.eu\/et\/wp-json\/wp\/v2\/product_brand?post=7857"},{"taxonomy":"product_cat","embeddable":true,"href":"https:\/\/www.helliston.eu\/et\/wp-json\/wp\/v2\/product_cat?post=7857"},{"taxonomy":"product_tag","embeddable":true,"href":"https:\/\/www.helliston.eu\/et\/wp-json\/wp\/v2\/product_tag?post=7857"}],"curies":[{"name":"wp","href":"https:\/\/api.w.org\/{rel}","templated":true}]}}