{"id":7850,"date":"2020-11-15T17:52:17","date_gmt":"2020-11-15T17:52:17","guid":{"rendered":"https:\/\/helliston.eu\/?post_type=product&#038;p=7850"},"modified":"2023-03-29T18:25:07","modified_gmt":"2023-03-29T18:25:07","slug":"hoovelterad-hoovlile-metabo-hc260c-hc260-m-hc260-k-hss-260x186x15-mm","status":"publish","type":"product","link":"https:\/\/helliston.eu\/et\/toode\/hoovelterad-hoovlile-metabo-hc260c-hc260-m-hc260-k-hss-260x186x15-mm\/","title":{"rendered":"H\u00f6\u00f6velterad h\u00f6\u00f6vlile Metabo HC260C, HC260\/M, HC260\/K, HSS, 260&#215;18,6&#215;1,5 mm"},"content":{"rendered":"","protected":false},"excerpt":{"rendered":"<p>HSS h\u00f6\u00f6vliterad h\u00f6\u00f6vel-paksusmasinale Metabo HC260\/C, HC260\/M, HC260\/K, 260 x 18,6 x 1,5 mm, P\u00d6\u00d6RATAVAD TERAD. 2 tera\/ pakis. Valmistatud vastupidavast HSS kiirl\u00f5iketerasest (Rockwelli k\u00f5vadus 63+HRC). Terad on teritatavad. Rohkem informatsiooni allpool.<\/p>\n","protected":false},"featured_media":12876,"template":"","meta":[],"product_brand":[],"product_cat":[816,874,1675],"product_tag":[4344],"class_list":{"0":"post-7850","1":"product","2":"type-product","3":"status-publish","4":"has-post-thumbnail","6":"product_cat-hoovliterad-markide-jargi","7":"product_cat-hoovliterad-hoovlile-metabo","8":"product_cat-riht-paksushoovel-hc260c-hc260m-hc260k-260-mm","9":"product_tag-260-18-et-2","11":"first","12":"outofstock","13":"taxable","14":"shipping-taxable","15":"purchasable","16":"product-type-simple"},"jetpack_sharing_enabled":true,"_links":{"self":[{"href":"https:\/\/helliston.eu\/et\/wp-json\/wp\/v2\/product\/7850","targetHints":{"allow":["GET"]}}],"collection":[{"href":"https:\/\/helliston.eu\/et\/wp-json\/wp\/v2\/product"}],"about":[{"href":"https:\/\/helliston.eu\/et\/wp-json\/wp\/v2\/types\/product"}],"wp:featuredmedia":[{"embeddable":true,"href":"https:\/\/helliston.eu\/et\/wp-json\/wp\/v2\/media\/12876"}],"wp:attachment":[{"href":"https:\/\/helliston.eu\/et\/wp-json\/wp\/v2\/media?parent=7850"}],"wp:term":[{"taxonomy":"product_brand","embeddable":true,"href":"https:\/\/helliston.eu\/et\/wp-json\/wp\/v2\/product_brand?post=7850"},{"taxonomy":"product_cat","embeddable":true,"href":"https:\/\/helliston.eu\/et\/wp-json\/wp\/v2\/product_cat?post=7850"},{"taxonomy":"product_tag","embeddable":true,"href":"https:\/\/helliston.eu\/et\/wp-json\/wp\/v2\/product_tag?post=7850"}],"curies":[{"name":"wp","href":"https:\/\/api.w.org\/{rel}","templated":true}]}}