{"id":6035,"date":"2020-01-05T18:25:42","date_gmt":"2020-01-06T22:03:42","guid":{"rendered":"https:\/\/helliston.eu\/?post_type=product&#038;p=6035"},"modified":"2023-03-30T18:35:04","modified_gmt":"2023-03-30T18:35:04","slug":"hoovliterad-hoovlile-triton-tpl180-hss-180x8x2mm","status":"publish","type":"product","link":"https:\/\/helliston.eu\/et\/toode\/hoovliterad-hoovlile-triton-tpl180-hss-180x8x2mm\/","title":{"rendered":"H\u00f6\u00f6vliterad h\u00f6\u00f6vlile Triton TPL180, HSS, 180x8x2mm"},"content":{"rendered":"","protected":false},"excerpt":{"rendered":"<p>HSS h\u00f6\u00f6velterad h\u00f6\u00f6vlile Triton TPL 180, 180x8x2mm. 3 h\u00f6\u00f6vlitera\/pakis. Valmistatud vastupidavast HSS kiirl\u00f5iketerasest (Rockwelli k\u00f5vadus 63+HRC). Terad on teritatavad. Rohkem informatsiooni allpool.<\/p>\n<p>***Need terad kestavad palju kauem kui originaalterad. Originaalterad on valmistatud 65Mn terasest.***<\/p>\n","protected":false},"featured_media":7506,"template":"","meta":[],"product_brand":[],"product_cat":[420,890,1777],"product_tag":[],"class_list":{"0":"post-6035","1":"product","2":"type-product","3":"status-publish","4":"has-post-thumbnail","6":"product_cat-180mm-hoovlile-triton-tpl180","7":"product_cat-hoovliterad-hoovlile-triton","8":"product_cat-hoovel-triton-tpl-180-180mm","10":"first","11":"instock","12":"taxable","13":"shipping-taxable","14":"purchasable","15":"product-type-simple"},"jetpack_sharing_enabled":true,"_links":{"self":[{"href":"https:\/\/helliston.eu\/et\/wp-json\/wp\/v2\/product\/6035","targetHints":{"allow":["GET"]}}],"collection":[{"href":"https:\/\/helliston.eu\/et\/wp-json\/wp\/v2\/product"}],"about":[{"href":"https:\/\/helliston.eu\/et\/wp-json\/wp\/v2\/types\/product"}],"wp:featuredmedia":[{"embeddable":true,"href":"https:\/\/helliston.eu\/et\/wp-json\/wp\/v2\/media\/7506"}],"wp:attachment":[{"href":"https:\/\/helliston.eu\/et\/wp-json\/wp\/v2\/media?parent=6035"}],"wp:term":[{"taxonomy":"product_brand","embeddable":true,"href":"https:\/\/helliston.eu\/et\/wp-json\/wp\/v2\/product_brand?post=6035"},{"taxonomy":"product_cat","embeddable":true,"href":"https:\/\/helliston.eu\/et\/wp-json\/wp\/v2\/product_cat?post=6035"},{"taxonomy":"product_tag","embeddable":true,"href":"https:\/\/helliston.eu\/et\/wp-json\/wp\/v2\/product_tag?post=6035"}],"curies":[{"name":"wp","href":"https:\/\/api.w.org\/{rel}","templated":true}]}}