{"id":6034,"date":"2020-01-05T17:38:00","date_gmt":"2020-01-06T22:01:15","guid":{"rendered":"https:\/\/helliston.eu\/?post_type=product&#038;p=6034"},"modified":"2020-01-16T20:45:11","modified_gmt":"2020-01-16T20:45:11","slug":"hss-wolfram-18-hoovliterad-260x20x3mm-hoovlitele-metabo-elektra-beckum-hc260-e-es-m-k-record-power-dmp106-2-tk","status":"publish","type":"product","link":"https:\/\/helliston.eu\/et\/toode\/hss-wolfram-18-hoovliterad-260x20x3mm-hoovlitele-metabo-elektra-beckum-hc260-e-es-m-k-record-power-dmp106-2-tk\/","title":{"rendered":"HSS Wolfram 18% H\u00f6\u00f6vliterad 260x20x3mm KAHE S\u00dcVENDIGA, h\u00f6\u00f6vlitele Metabo, Elektra Beckum HC260 E\/ES\/M\/K, Record Power DMP106 (2 tk)"},"content":{"rendered":"","protected":false},"excerpt":{"rendered":"","protected":false},"featured_media":7426,"template":"","meta":[],"product_brand":[],"product_cat":[427,197],"product_tag":[],"class_list":{"0":"post-6034","1":"product","2":"type-product","3":"status-publish","4":"has-post-thumbnail","6":"product_cat-260mm-for-scheppach-hms260-metabo-elektra-beckum-hc260-hc260m-hc260c-hc260e-hc260es-hc260k-et","7":"product_cat-hoovliterad","9":"first","10":"outofstock","11":"taxable","12":"shipping-taxable","13":"purchasable","14":"product-type-simple"},"jetpack_sharing_enabled":true,"_links":{"self":[{"href":"https:\/\/helliston.eu\/et\/wp-json\/wp\/v2\/product\/6034","targetHints":{"allow":["GET"]}}],"collection":[{"href":"https:\/\/helliston.eu\/et\/wp-json\/wp\/v2\/product"}],"about":[{"href":"https:\/\/helliston.eu\/et\/wp-json\/wp\/v2\/types\/product"}],"wp:featuredmedia":[{"embeddable":true,"href":"https:\/\/helliston.eu\/et\/wp-json\/wp\/v2\/media\/7426"}],"wp:attachment":[{"href":"https:\/\/helliston.eu\/et\/wp-json\/wp\/v2\/media?parent=6034"}],"wp:term":[{"taxonomy":"product_brand","embeddable":true,"href":"https:\/\/helliston.eu\/et\/wp-json\/wp\/v2\/product_brand?post=6034"},{"taxonomy":"product_cat","embeddable":true,"href":"https:\/\/helliston.eu\/et\/wp-json\/wp\/v2\/product_cat?post=6034"},{"taxonomy":"product_tag","embeddable":true,"href":"https:\/\/helliston.eu\/et\/wp-json\/wp\/v2\/product_tag?post=6034"}],"curies":[{"name":"wp","href":"https:\/\/api.w.org\/{rel}","templated":true}]}}