{"id":6029,"date":"2020-01-05T18:20:20","date_gmt":"2020-01-06T21:39:57","guid":{"rendered":"https:\/\/helliston.eu\/?post_type=product&#038;p=6029"},"modified":"2021-01-24T18:38:25","modified_gmt":"2021-01-24T18:38:25","slug":"hm-tct-hoovliterad-320-x-18-x-3mm-hoovlitele-scheppach-hmc3200-hmc3200ci-2-tk","status":"publish","type":"product","link":"https:\/\/helliston.eu\/et\/toode\/hm-tct-hoovliterad-320-x-18-x-3mm-hoovlitele-scheppach-hmc3200-hmc3200ci-2-tk\/","title":{"rendered":"HM\/TCT H\u00f6\u00f6vliterad 320x18x3mm h\u00f6\u00f6vlitele Scheppach HMC3200, HMC3200CI (2 tk)"},"content":{"rendered":"","protected":false},"excerpt":{"rendered":"<p><strong>HM\/TCT h\u00f6\u00f6vliterad 320x18x3mm h\u00f6\u00f6vlimudelitele HMC3200, HMC3200CI.<\/strong> 2 tera\/ pakis. Valmistatud vastupidavast volframkarbiidist (Rockwelli k\u00f5vadus 90+HRA). Optimaalne igat t\u00fc\u00fcpi puidule ja puitmaterjalile. V\u00f5rreldes HSS\u2019iga p\u00fcsivad HM\/TCT terad kuni 5 korda kauem teravad. Terad on teritatavad. Lisainformatsioon allpool.<\/p>\n","protected":false},"featured_media":7570,"template":"","meta":[],"product_brand":[],"product_cat":[433,1760,197,881],"product_tag":[],"class_list":{"0":"post-6029","1":"product","2":"type-product","3":"status-publish","4":"has-post-thumbnail","6":"product_cat-320-hoovlitele-scheppach-hmc-3200-3200-ci","7":"product_cat-riht-paksushoovel-scheppach-hms-hmc-3200-ci-320mm","8":"product_cat-hoovliterad","9":"product_cat-hoovliterad-hoovlile-scheppach","11":"first","12":"instock","13":"taxable","14":"shipping-taxable","15":"purchasable","16":"product-type-simple"},"jetpack_sharing_enabled":true,"_links":{"self":[{"href":"https:\/\/helliston.eu\/et\/wp-json\/wp\/v2\/product\/6029","targetHints":{"allow":["GET"]}}],"collection":[{"href":"https:\/\/helliston.eu\/et\/wp-json\/wp\/v2\/product"}],"about":[{"href":"https:\/\/helliston.eu\/et\/wp-json\/wp\/v2\/types\/product"}],"wp:featuredmedia":[{"embeddable":true,"href":"https:\/\/helliston.eu\/et\/wp-json\/wp\/v2\/media\/7570"}],"wp:attachment":[{"href":"https:\/\/helliston.eu\/et\/wp-json\/wp\/v2\/media?parent=6029"}],"wp:term":[{"taxonomy":"product_brand","embeddable":true,"href":"https:\/\/helliston.eu\/et\/wp-json\/wp\/v2\/product_brand?post=6029"},{"taxonomy":"product_cat","embeddable":true,"href":"https:\/\/helliston.eu\/et\/wp-json\/wp\/v2\/product_cat?post=6029"},{"taxonomy":"product_tag","embeddable":true,"href":"https:\/\/helliston.eu\/et\/wp-json\/wp\/v2\/product_tag?post=6029"}],"curies":[{"name":"wp","href":"https:\/\/api.w.org\/{rel}","templated":true}]}}