{"id":6027,"date":"2019-12-25T13:09:53","date_gmt":"2020-01-06T21:25:12","guid":{"rendered":"https:\/\/helliston.eu\/?post_type=product&#038;p=6027"},"modified":"2021-01-24T18:39:45","modified_gmt":"2021-01-24T18:39:45","slug":"hss-wolfram-18-hoovliterad-320-x-18-x-3mm-hoovlitele-scheppach-hmc3200-hmc3200ci-2-tk","status":"publish","type":"product","link":"https:\/\/helliston.eu\/et\/toode\/hss-wolfram-18-hoovliterad-320-x-18-x-3mm-hoovlitele-scheppach-hmc3200-hmc3200ci-2-tk\/","title":{"rendered":"HSS Wolfram 18% H\u00f6\u00f6vliterad 320 x 18 x 3mm h\u00f6\u00f6vlitele Scheppach HMC3200, HMC3200CI (2 tk)"},"content":{"rendered":"","protected":false},"excerpt":{"rendered":"<p><strong>T1 HSS Wolfram 18% h\u00f6\u00f6vliterad 320x18x3mm h\u00f6\u00f6vlimudelitele Scheppach HMC3200, HMC3200CI.<\/strong> 2 tera\/ pakis. Valmistatud esmaklassilisest T1 HSS W18% kiirl\u00f5iketerasest (Rockwelli k\u00f5vadus 63-65 HRC). V\u00f5rreldes tavap\u00e4rase HSS\u2019iga on T1 HSS W18% terad vastupidavamad \u2013 suurep\u00e4rane valik nii k\u00f5va- kui ka pehmepudu t\u00f6\u00f6tlemiseks! Terad on teritatavad. Lisainfo allpool.<\/p>\n","protected":false},"featured_media":7584,"template":"","meta":[],"product_brand":[],"product_cat":[433,1760,197,881],"product_tag":[],"class_list":{"0":"post-6027","1":"product","2":"type-product","3":"status-publish","4":"has-post-thumbnail","6":"product_cat-320-hoovlitele-scheppach-hmc-3200-3200-ci","7":"product_cat-riht-paksushoovel-scheppach-hms-hmc-3200-ci-320mm","8":"product_cat-hoovliterad","9":"product_cat-hoovliterad-hoovlile-scheppach","11":"first","12":"instock","13":"sale","14":"taxable","15":"shipping-taxable","16":"purchasable","17":"product-type-simple"},"jetpack_sharing_enabled":true,"_links":{"self":[{"href":"https:\/\/helliston.eu\/et\/wp-json\/wp\/v2\/product\/6027","targetHints":{"allow":["GET"]}}],"collection":[{"href":"https:\/\/helliston.eu\/et\/wp-json\/wp\/v2\/product"}],"about":[{"href":"https:\/\/helliston.eu\/et\/wp-json\/wp\/v2\/types\/product"}],"wp:featuredmedia":[{"embeddable":true,"href":"https:\/\/helliston.eu\/et\/wp-json\/wp\/v2\/media\/7584"}],"wp:attachment":[{"href":"https:\/\/helliston.eu\/et\/wp-json\/wp\/v2\/media?parent=6027"}],"wp:term":[{"taxonomy":"product_brand","embeddable":true,"href":"https:\/\/helliston.eu\/et\/wp-json\/wp\/v2\/product_brand?post=6027"},{"taxonomy":"product_cat","embeddable":true,"href":"https:\/\/helliston.eu\/et\/wp-json\/wp\/v2\/product_cat?post=6027"},{"taxonomy":"product_tag","embeddable":true,"href":"https:\/\/helliston.eu\/et\/wp-json\/wp\/v2\/product_tag?post=6027"}],"curies":[{"name":"wp","href":"https:\/\/api.w.org\/{rel}","templated":true}]}}