{"id":6025,"date":"2019-12-25T12:48:54","date_gmt":"2020-01-06T21:20:38","guid":{"rendered":"https:\/\/helliston.eu\/?post_type=product&#038;p=6025"},"modified":"2021-01-24T18:41:02","modified_gmt":"2021-01-24T18:41:02","slug":"hss-wolfram-18-hoovliterad-317-x-12-x-15mm-paksusmasinale-triton-tpt125-2-tk","status":"publish","type":"product","link":"https:\/\/helliston.eu\/et\/toode\/hss-wolfram-18-hoovliterad-317-x-12-x-15mm-paksusmasinale-triton-tpt125-2-tk\/","title":{"rendered":"HSS Wolfram 18% H\u00f6\u00f6vliterad 317 x 12 x 1,5mm paksusmasinale Triton TPT125 (2 tk)"},"content":{"rendered":"","protected":false},"excerpt":{"rendered":"<p><strong>T1 HSS Wolfram 18% h\u00f6\u00f6vliterad 317x12x1,5mm h\u00f6\u00f6vlile Triton TPT125<\/strong>. 2 tera\/ pakis. Valmistatud esmaklassilisest T1 HSS W18% kiirl\u00f5iketerasest (Rockwelli k\u00f5vadus 63-65 HRC). V\u00f5rreldes tavap\u00e4rase HSS\u2019iga on T1 HSS W18% terad vastupidavamad \u2013 suurep\u00e4rane valik nii k\u00f5va- kui ka pehmepudu t\u00f6\u00f6tlemiseks! Terad on teritatavad. Lisainfo allpool.<\/p>\n","protected":false},"featured_media":7311,"template":"","meta":[],"product_brand":[],"product_cat":[428,197,890,1778],"product_tag":[],"class_list":{"0":"post-6025","1":"product","2":"type-product","3":"status-publish","4":"has-post-thumbnail","6":"product_cat-317mm-paksusmasinale-triton-tpt125","7":"product_cat-hoovliterad","8":"product_cat-hoovliterad-hoovlile-triton","9":"product_cat-riht-paksushoovel-triton-tpt-125-317mm","11":"first","12":"instock","13":"taxable","14":"shipping-taxable","15":"purchasable","16":"product-type-simple"},"jetpack_sharing_enabled":true,"_links":{"self":[{"href":"https:\/\/helliston.eu\/et\/wp-json\/wp\/v2\/product\/6025","targetHints":{"allow":["GET"]}}],"collection":[{"href":"https:\/\/helliston.eu\/et\/wp-json\/wp\/v2\/product"}],"about":[{"href":"https:\/\/helliston.eu\/et\/wp-json\/wp\/v2\/types\/product"}],"wp:featuredmedia":[{"embeddable":true,"href":"https:\/\/helliston.eu\/et\/wp-json\/wp\/v2\/media\/7311"}],"wp:attachment":[{"href":"https:\/\/helliston.eu\/et\/wp-json\/wp\/v2\/media?parent=6025"}],"wp:term":[{"taxonomy":"product_brand","embeddable":true,"href":"https:\/\/helliston.eu\/et\/wp-json\/wp\/v2\/product_brand?post=6025"},{"taxonomy":"product_cat","embeddable":true,"href":"https:\/\/helliston.eu\/et\/wp-json\/wp\/v2\/product_cat?post=6025"},{"taxonomy":"product_tag","embeddable":true,"href":"https:\/\/helliston.eu\/et\/wp-json\/wp\/v2\/product_tag?post=6025"}],"curies":[{"name":"wp","href":"https:\/\/api.w.org\/{rel}","templated":true}]}}