{"id":25673,"date":"2024-07-08T16:52:43","date_gmt":"2024-07-08T17:31:48","guid":{"rendered":"https:\/\/helliston.eu\/?post_type=product&#038;p=25673"},"modified":"2024-07-08T17:31:49","modified_gmt":"2024-07-08T17:31:49","slug":"terad-vavieemaldajale-metabo-lf-724-s-lf-714-s-lf-850-s-kovametall-10-tk","status":"publish","type":"product","link":"https:\/\/www.helliston.eu\/et\/toode\/terad-vavieemaldajale-metabo-lf-724-s-lf-714-s-lf-850-s-kovametall-10-tk\/","title":{"rendered":"Terad v\u00e4vieemaldajale Metabo LF 724 S, LF 714 S, LF 850 S, k\u00f5vametall, 10 tk"},"content":{"rendered":"","protected":false},"excerpt":{"rendered":"<p>K\u00f5vametallist terad 14x14x2,0 mm v\u00e4rvieemaldajale Metabo LF724S, LF714S, LF850S. 10 tk\/ pakis. Valmistatud vastupidavast volframkarbiidist (metallik\u00f5vadus 93,6HRA). Need terad v\u00e4rvieemaldajale Metabo LF724S, LF714S, LF850S on vastupidavad ja suure j\u00f5udlusega. Neli l\u00f5ikeserva, teritatud Ra0.2-ni, tagavad optimaalse teravuse ja t\u00e4iusliku viimistluse iga kasutamise korral.<\/p>\n","protected":false},"featured_media":25545,"template":"","meta":[],"product_brand":[],"product_cat":[196],"product_tag":[],"class_list":{"0":"post-25673","1":"product","2":"type-product","3":"status-publish","4":"has-post-thumbnail","6":"product_cat-varvikaabitsa-terad","8":"first","9":"instock","10":"taxable","11":"shipping-taxable","12":"purchasable","13":"product-type-simple"},"jetpack_sharing_enabled":true,"_links":{"self":[{"href":"https:\/\/www.helliston.eu\/et\/wp-json\/wp\/v2\/product\/25673","targetHints":{"allow":["GET"]}}],"collection":[{"href":"https:\/\/www.helliston.eu\/et\/wp-json\/wp\/v2\/product"}],"about":[{"href":"https:\/\/www.helliston.eu\/et\/wp-json\/wp\/v2\/types\/product"}],"wp:featuredmedia":[{"embeddable":true,"href":"https:\/\/www.helliston.eu\/et\/wp-json\/wp\/v2\/media\/25545"}],"wp:attachment":[{"href":"https:\/\/www.helliston.eu\/et\/wp-json\/wp\/v2\/media?parent=25673"}],"wp:term":[{"taxonomy":"product_brand","embeddable":true,"href":"https:\/\/www.helliston.eu\/et\/wp-json\/wp\/v2\/product_brand?post=25673"},{"taxonomy":"product_cat","embeddable":true,"href":"https:\/\/www.helliston.eu\/et\/wp-json\/wp\/v2\/product_cat?post=25673"},{"taxonomy":"product_tag","embeddable":true,"href":"https:\/\/www.helliston.eu\/et\/wp-json\/wp\/v2\/product_tag?post=25673"}],"curies":[{"name":"wp","href":"https:\/\/api.w.org\/{rel}","templated":true}]}}