{"id":25032,"date":"2024-05-03T19:44:28","date_gmt":"2024-05-04T15:39:56","guid":{"rendered":"https:\/\/helliston.eu\/product\/varutera-kaabitsale-habo-kovametall-volframkarbid-25mm-50mm-65mm\/"},"modified":"2024-05-04T15:39:56","modified_gmt":"2024-05-04T15:39:56","slug":"varutera-kaabitsale-habo-kovametall-volframkarbid-25mm-50mm-65mm","status":"publish","type":"product","link":"https:\/\/helliston.eu\/et\/toode\/varutera-kaabitsale-habo-kovametall-volframkarbid-25mm-50mm-65mm\/","title":{"rendered":"K\u00f5vametallist terad Habo v\u00e4rvikaabitsale 25mm, 50mm, 65mm"},"content":{"rendered":"","protected":false},"excerpt":{"rendered":"<p>K\u00f5vametallist varuterad kaabitsale Habo 25-mm, 50-mm, 65-mm. Valmistatud kvaliteetsest mikroteralisest volframkarbiidist. Varuterad on v\u00e4ga teravad ja sobivad h\u00e4sti, v\u00e4rvi, rooste, laki ja antifoulingu eemaldamiseks. K\u00f5vametallist terad peavad kaua vastu isegi keerulisemate ettev\u00f5tmiste puhul.<\/p>\n","protected":false},"featured_media":24959,"template":"","meta":[],"product_brand":[],"product_cat":[3646,196],"product_tag":[],"class_list":{"0":"post-25032","1":"product","2":"type-product","3":"status-publish","4":"has-post-thumbnail","6":"product_cat-varuterad-varvikaabitsale-habo","7":"product_cat-varvikaabitsa-terad","9":"first","10":"instock","11":"taxable","12":"shipping-taxable","13":"purchasable","14":"product-type-variable"},"jetpack_sharing_enabled":true,"_links":{"self":[{"href":"https:\/\/helliston.eu\/et\/wp-json\/wp\/v2\/product\/25032","targetHints":{"allow":["GET"]}}],"collection":[{"href":"https:\/\/helliston.eu\/et\/wp-json\/wp\/v2\/product"}],"about":[{"href":"https:\/\/helliston.eu\/et\/wp-json\/wp\/v2\/types\/product"}],"wp:featuredmedia":[{"embeddable":true,"href":"https:\/\/helliston.eu\/et\/wp-json\/wp\/v2\/media\/24959"}],"wp:attachment":[{"href":"https:\/\/helliston.eu\/et\/wp-json\/wp\/v2\/media?parent=25032"}],"wp:term":[{"taxonomy":"product_brand","embeddable":true,"href":"https:\/\/helliston.eu\/et\/wp-json\/wp\/v2\/product_brand?post=25032"},{"taxonomy":"product_cat","embeddable":true,"href":"https:\/\/helliston.eu\/et\/wp-json\/wp\/v2\/product_cat?post=25032"},{"taxonomy":"product_tag","embeddable":true,"href":"https:\/\/helliston.eu\/et\/wp-json\/wp\/v2\/product_tag?post=25032"}],"curies":[{"name":"wp","href":"https:\/\/api.w.org\/{rel}","templated":true}]}}