{"id":24984,"date":"2024-05-03T14:15:04","date_gmt":"2024-05-04T10:51:10","guid":{"rendered":"https:\/\/helliston.eu\/product\/kaabitsale-gelplane-vacuum-vakuum-pro-scraper-imur-kaabits-varutera-kovametall-volframkarbid\/"},"modified":"2024-05-04T15:04:47","modified_gmt":"2024-05-04T15:04:47","slug":"kaabitsale-gelplane-vacuum-vakuum-pro-scraper-imur-kaabits-varutera-kovametall-volframkarbid","status":"publish","type":"product","link":"https:\/\/helliston.eu\/et\/toode\/kaabitsale-gelplane-vacuum-vakuum-pro-scraper-imur-kaabits-varutera-kovametall-volframkarbid\/","title":{"rendered":"K\u00f5vametallist terad imurkaabitsale Gelplane Vacuum Pro Scraper, volframkarbid"},"content":{"rendered":"","protected":false},"excerpt":{"rendered":"<p>K\u00f5vametallist varuterad kaabitsale Gelplane Vacuum Pro Scraper. Valmistatud kvaliteetsest mikroteralisest volframkarbiidist. Varuterad on v\u00e4ga teravad ja sobivad h\u00e4sti antifoulingu, v\u00e4rvi, rooste ja laki eemaldamiseks. K\u00f5vametallist terad peavad kaua vastu isegi keerulisemate ettev\u00f5tmiste puhul. Lisaks, varuterad kaabitsale Gelplane Vacuum Pro Scraper on p\u00f6\u00f6ratavad ja neid on v\u00f5imalik kasutada m\u00f5lemalt poolt.<\/p>\n<p><strong>Pane t\u00e4hele, et Gelplane kaabitsate varuteri<\/strong><strong style=\"color: #333333;\">m\u00fc\u00fcme paarikaupa, st \u00fcks pakk sisaldab 2 varutera!<\/strong><\/p>\n","protected":false},"featured_media":24820,"template":"","meta":[],"product_brand":[],"product_cat":[3645,196],"product_tag":[],"class_list":{"0":"post-24984","1":"product","2":"type-product","3":"status-publish","4":"has-post-thumbnail","6":"product_cat-varuterad-varvikaabitsale-gelplane-proscraper-vacuum","7":"product_cat-varvikaabitsa-terad","9":"first","10":"instock","11":"taxable","12":"shipping-taxable","13":"purchasable","14":"product-type-simple"},"jetpack_sharing_enabled":true,"_links":{"self":[{"href":"https:\/\/helliston.eu\/et\/wp-json\/wp\/v2\/product\/24984","targetHints":{"allow":["GET"]}}],"collection":[{"href":"https:\/\/helliston.eu\/et\/wp-json\/wp\/v2\/product"}],"about":[{"href":"https:\/\/helliston.eu\/et\/wp-json\/wp\/v2\/types\/product"}],"wp:featuredmedia":[{"embeddable":true,"href":"https:\/\/helliston.eu\/et\/wp-json\/wp\/v2\/media\/24820"}],"wp:attachment":[{"href":"https:\/\/helliston.eu\/et\/wp-json\/wp\/v2\/media?parent=24984"}],"wp:term":[{"taxonomy":"product_brand","embeddable":true,"href":"https:\/\/helliston.eu\/et\/wp-json\/wp\/v2\/product_brand?post=24984"},{"taxonomy":"product_cat","embeddable":true,"href":"https:\/\/helliston.eu\/et\/wp-json\/wp\/v2\/product_cat?post=24984"},{"taxonomy":"product_tag","embeddable":true,"href":"https:\/\/helliston.eu\/et\/wp-json\/wp\/v2\/product_tag?post=24984"}],"curies":[{"name":"wp","href":"https:\/\/api.w.org\/{rel}","templated":true}]}}