{"id":24132,"date":"2024-02-25T13:42:03","date_gmt":"2024-05-04T19:03:40","guid":{"rendered":"https:\/\/helliston.eu\/?post_type=product&#038;p=24132"},"modified":"2024-05-04T19:03:40","modified_gmt":"2024-05-04T19:03:40","slug":"t1-w18-hoovliterad-hoovlile-holzmann-hob260nl-hss-wolfram-volfram-18-250x30x3-mm","status":"publish","type":"product","link":"https:\/\/helliston.eu\/et\/toode\/t1-w18-hoovliterad-hoovlile-holzmann-hob260nl-hss-wolfram-volfram-18-250x30x3-mm\/","title":{"rendered":"T1 W18% H\u00f6\u00f6vliterad h\u00f6\u00f6vlile Holzmann HOB260NL, HSS Volfram 18%, 250x30x3 mm"},"content":{"rendered":"<p>Helliston HSS W18% h\u00f6\u00f6vliterad h\u00f6\u00f6vel-paksusmasinale Holzmann HOB260NL. Meie terad on erakordselt teravad (0,2RA) ja vastupidavad. 18% volframisisaldus ja metalli k\u00f5vadus 66 HRC Rockwelli j\u00e4rgi tagavad pika eluea ja suurep\u00e4rase l\u00f5iketulemuse, isegi n\u00f5udlikes projektides.<\/p>\n<ol>\n<li><strong>Kogus ja m\u00f5\u00f5tmed :<\/strong>\n<ul>\n<li>1 komplekt 3 h\u00f6\u00f6vliteraga 250 x 30 x 3 mm h\u00f6\u00f6vel-paksusmasinale Holzmann HOB260NL<\/li>\n<\/ul>\n<\/li>\n<li><strong>Teravad ja vastupidavad terad :<\/strong>\n<ul>\n<li>Meie h\u00f6\u00f6vliteradel on erakordselt terav serv (teritus 0.2Ra).<\/li>\n<li>HSS Volfram 18% tagab pika eluea ja suurep\u00e4rase l\u00f5iketulemuse.<\/li>\n<li>Meie h\u00f6\u00f6vliterad h\u00f6\u00f6vel-paksusmasinale Holzmann HOB260NL on karastatud Rockwelli k\u00f5vaduseni 66HRC, suurendades nende vastupidavust veelgi..<\/li>\n<\/ul>\n<\/li>\n<li><strong>Erinevad puuliigid :<\/strong>\n<ul>\n<li>Meie h\u00f6\u00f6vliterad h\u00f6\u00f6vel-paksusmasinale Holzmann HOB260NL sobivad ideaalselt nii pehme kui ka k\u00f5va puidu t\u00f6\u00f6tlemise jaoks, tammest m\u00e4nnini.<\/li>\n<\/ul>\n<\/li>\n<li><strong>Klienditugi :<\/strong>\n<ul>\n<li>V\u00f5ta meiega \u00fchendust e-posti teel, kui sul on k\u00fcsimusi; oleme valmis aitama.<\/li>\n<\/ul>\n<\/li>\n<\/ol>\n","protected":false},"excerpt":{"rendered":"<p>T1 HSS W18% h\u00f6\u00f6vliterad h\u00f6\u00f6vel-paksusmasinale Holzmann HOB260NL, 250 x 30 x 3 mm. 3 tera pakis. Valmistatud vastupidavast HSS kiirl\u00f5iketerasest, mille volframisisaldus on 18% (Rockwelli k\u00f5vadus: 66HRC). Terad on teritatud 0,2Ra-ni ja neid on v\u00f5imalik korduvalt teritada. T\u00e4psem info allpool.<\/p>\n","protected":false},"featured_media":24551,"template":"","meta":[],"product_brand":[],"product_cat":[4095,859,816],"product_tag":[],"class_list":{"0":"post-24132","1":"product","2":"type-product","3":"status-publish","4":"has-post-thumbnail","6":"product_cat-hob260nl-et","7":"product_cat-hoovliterad-hoovlile-holzmann","8":"product_cat-hoovliterad-markide-jargi","10":"first","11":"outofstock","12":"taxable","13":"shipping-taxable","14":"purchasable","15":"product-type-simple"},"jetpack_sharing_enabled":true,"_links":{"self":[{"href":"https:\/\/helliston.eu\/et\/wp-json\/wp\/v2\/product\/24132","targetHints":{"allow":["GET"]}}],"collection":[{"href":"https:\/\/helliston.eu\/et\/wp-json\/wp\/v2\/product"}],"about":[{"href":"https:\/\/helliston.eu\/et\/wp-json\/wp\/v2\/types\/product"}],"wp:featuredmedia":[{"embeddable":true,"href":"https:\/\/helliston.eu\/et\/wp-json\/wp\/v2\/media\/24551"}],"wp:attachment":[{"href":"https:\/\/helliston.eu\/et\/wp-json\/wp\/v2\/media?parent=24132"}],"wp:term":[{"taxonomy":"product_brand","embeddable":true,"href":"https:\/\/helliston.eu\/et\/wp-json\/wp\/v2\/product_brand?post=24132"},{"taxonomy":"product_cat","embeddable":true,"href":"https:\/\/helliston.eu\/et\/wp-json\/wp\/v2\/product_cat?post=24132"},{"taxonomy":"product_tag","embeddable":true,"href":"https:\/\/helliston.eu\/et\/wp-json\/wp\/v2\/product_tag?post=24132"}],"curies":[{"name":"wp","href":"https:\/\/api.w.org\/{rel}","templated":true}]}}