{"id":24119,"date":"2024-02-25T12:56:56","date_gmt":"2024-05-04T19:03:41","guid":{"rendered":"https:\/\/helliston.eu\/?post_type=product&#038;p=24119"},"modified":"2024-05-04T19:03:41","modified_gmt":"2024-05-04T19:03:41","slug":"t1-w18-hoovliterad-hoovlile-robland-startrite-k260-hss-wolfram-volfram-18-260x25x3-mm","status":"publish","type":"product","link":"https:\/\/helliston.eu\/et\/toode\/t1-w18-hoovliterad-hoovlile-robland-startrite-k260-hss-wolfram-volfram-18-260x25x3-mm\/","title":{"rendered":"T1 W18% H\u00f6\u00f6vliterad h\u00f6\u00f6vlile Robland Startrite K260, HSS Volfram 18%, 260x25x3 mm"},"content":{"rendered":"<p>Helliston HSS W18% h\u00f6\u00f6vliterad h\u00f6\u00f6vel-paksusmasinale Startrite K260. Meie terad on erakordselt teravad (0,2RA) ja vastupidavad. 18% volframisisaldus ja metalli k\u00f5vadus 66 HRC Rockwelli j\u00e4rgi tagavad pika eluea ja suurep\u00e4rase l\u00f5iketulemuse, isegi n\u00f5udlikes projektides.<\/p>\n<ol>\n<li><strong>Kogus ja m\u00f5\u00f5tmed :<\/strong>\n<ul>\n<li>1 paar h\u00f6\u00f6vliteri 260 x 25 x 3 mm h\u00f6\u00f6vel-paksusmasinale Startrite K260<\/li>\n<\/ul>\n<\/li>\n<li><strong>Teravad ja vastupidavad terad :<\/strong>\n<ul>\n<li>Meie h\u00f6\u00f6vliteradel on erakordselt terav serv (teritus 0.2Ra).<\/li>\n<li>HSS Volfram 18% tagab pika eluea ja suurep\u00e4rase l\u00f5iketulemuse.<\/li>\n<li>Meie h\u00f6\u00f6vliterad h\u00f6\u00f6vel-paksusmasinale Startrite K260 on karastatud Rockwelli k\u00f5vaduseni 66HRC, suurendades nende vastupidavust veelgi..<\/li>\n<\/ul>\n<\/li>\n<li><strong>Erinevad puuliigid :<\/strong>\n<ul>\n<li>Meie h\u00f6\u00f6vliterad h\u00f6\u00f6vel-paksusmasinale Startrite K260 sobivad ideaalselt nii pehme kui ka k\u00f5va puidu t\u00f6\u00f6tlemise jaoks, tammest m\u00e4nnini.<\/li>\n<\/ul>\n<\/li>\n<li><strong>Klienditugi :<\/strong>\n<ul>\n<li>V\u00f5ta meiega \u00fchendust e-posti teel, kui sul on k\u00fcsimusi; oleme valmis aitama.<\/li>\n<\/ul>\n<\/li>\n<\/ol>\n","protected":false},"excerpt":{"rendered":"<p>T1 HSS W18% h\u00f6\u00f6vliterad h\u00f6\u00f6vel-paksusmasinale Startrite K260, 260 x 25 x 3 mm. 2 tera pakis. Valmistatud vastupidavast HSS kiirl\u00f5iketerasest, mille volframisisaldus on 18% (Rockwelli k\u00f5vadus: 66HRC). Terad on teritatud 0,2Ra-ni ja neid on v\u00f5imalik korduvalt teritada. T\u00e4psem info allpool.<\/p>\n","protected":false},"featured_media":24551,"template":"","meta":[],"product_brand":[],"product_cat":[4051,4097,4098,816],"product_tag":[],"class_list":{"0":"post-24119","1":"product","2":"type-product","3":"status-publish","4":"has-post-thumbnail","6":"product_cat-robland-et","7":"product_cat-startrite-et","8":"product_cat-startrite-robland-et","9":"product_cat-hoovliterad-markide-jargi","11":"first","12":"instock","13":"taxable","14":"shipping-taxable","15":"purchasable","16":"product-type-simple"},"jetpack_sharing_enabled":true,"_links":{"self":[{"href":"https:\/\/helliston.eu\/et\/wp-json\/wp\/v2\/product\/24119","targetHints":{"allow":["GET"]}}],"collection":[{"href":"https:\/\/helliston.eu\/et\/wp-json\/wp\/v2\/product"}],"about":[{"href":"https:\/\/helliston.eu\/et\/wp-json\/wp\/v2\/types\/product"}],"wp:featuredmedia":[{"embeddable":true,"href":"https:\/\/helliston.eu\/et\/wp-json\/wp\/v2\/media\/24551"}],"wp:attachment":[{"href":"https:\/\/helliston.eu\/et\/wp-json\/wp\/v2\/media?parent=24119"}],"wp:term":[{"taxonomy":"product_brand","embeddable":true,"href":"https:\/\/helliston.eu\/et\/wp-json\/wp\/v2\/product_brand?post=24119"},{"taxonomy":"product_cat","embeddable":true,"href":"https:\/\/helliston.eu\/et\/wp-json\/wp\/v2\/product_cat?post=24119"},{"taxonomy":"product_tag","embeddable":true,"href":"https:\/\/helliston.eu\/et\/wp-json\/wp\/v2\/product_tag?post=24119"}],"curies":[{"name":"wp","href":"https:\/\/api.w.org\/{rel}","templated":true}]}}