{"id":21266,"date":"2023-04-04T14:20:40","date_gmt":"2023-04-04T19:36:14","guid":{"rendered":"https:\/\/helliston.eu\/product\/kaabitsa-terad-bahco-ergo-625-650-665-varvikaabitsale\/"},"modified":"2023-04-07T09:55:01","modified_gmt":"2023-04-07T09:55:01","slug":"kaabitsa-terad-varuterad-varvikaabitsale-bahco-ergo-625-650-665","status":"publish","type":"product","link":"https:\/\/helliston.eu\/et\/toode\/kaabitsa-terad-varuterad-varvikaabitsale-bahco-ergo-625-650-665\/","title":{"rendered":"Kaabitsa terad Bahco Ergo 625, 650, 665 v\u00e4rvikaabitsale"},"content":{"rendered":"","protected":false},"excerpt":{"rendered":"<p>K\u00f5vametallist kaabitsa terad v\u00e4rvikaabitsale Bahco Ergo 625, 650, 665, Sandvik: kolmnurkne 25mm, 50mm, 65mm, pisarakujuline (DROP), \u00fcmmargune (ROUND) ja pirnikujuline (PEAR). Valmistatud kvaliteetsest mikroteralisest volframkarbiidist. Volframkarbiidist terad p\u00fcsvad ligi 50 korda kauem teravana kui tavalised v\u00e4rvikaabitsate terad. Sobivad h\u00e4sti kattumistvastaste v\u00e4rvide eemaldamiseks paatidelt, v\u00e4rvi ja laki eemaldamiseks erinevatelt materjalidelt, nagu puit, betoon ja metall.<\/p>\n<p>***Meie enda kaubam\u00e4rk. Terad ei ole odavad alternatiivid originaalteradele. Need on v\u00e4lja t\u00f6\u00f6tatud vastavalt meie vajadustele puituste ja -akende restaureerimiseks. Me garanteerime, et terad on teravad ja kestavad kaua.***<\/p>\n","protected":false},"featured_media":24934,"template":"","meta":[],"product_brand":[],"product_cat":[3374,196],"product_tag":[],"class_list":{"0":"post-21266","1":"product","2":"type-product","3":"status-publish","4":"has-post-thumbnail","6":"product_cat-kaabitsale-bahco-ergo-650-665-625","7":"product_cat-varvikaabitsa-terad","9":"first","10":"instock","11":"taxable","12":"shipping-taxable","13":"purchasable","14":"product-type-variable"},"jetpack_sharing_enabled":true,"_links":{"self":[{"href":"https:\/\/helliston.eu\/et\/wp-json\/wp\/v2\/product\/21266","targetHints":{"allow":["GET"]}}],"collection":[{"href":"https:\/\/helliston.eu\/et\/wp-json\/wp\/v2\/product"}],"about":[{"href":"https:\/\/helliston.eu\/et\/wp-json\/wp\/v2\/types\/product"}],"wp:featuredmedia":[{"embeddable":true,"href":"https:\/\/helliston.eu\/et\/wp-json\/wp\/v2\/media\/24934"}],"wp:attachment":[{"href":"https:\/\/helliston.eu\/et\/wp-json\/wp\/v2\/media?parent=21266"}],"wp:term":[{"taxonomy":"product_brand","embeddable":true,"href":"https:\/\/helliston.eu\/et\/wp-json\/wp\/v2\/product_brand?post=21266"},{"taxonomy":"product_cat","embeddable":true,"href":"https:\/\/helliston.eu\/et\/wp-json\/wp\/v2\/product_cat?post=21266"},{"taxonomy":"product_tag","embeddable":true,"href":"https:\/\/helliston.eu\/et\/wp-json\/wp\/v2\/product_tag?post=21266"}],"curies":[{"name":"wp","href":"https:\/\/api.w.org\/{rel}","templated":true}]}}