{"id":20647,"date":"2023-04-02T18:43:41","date_gmt":"2023-04-02T18:43:47","guid":{"rendered":"https:\/\/helliston.eu\/?post_type=product&#038;p=20647"},"modified":"2023-04-03T19:24:08","modified_gmt":"2023-04-03T19:24:08","slug":"hm-hw-tct-hss-hoovliterad-hoovlile-t-i-p-eh616-82-x-29-x-3mm","status":"publish","type":"product","link":"https:\/\/helliston.eu\/et\/toode\/hm-hw-tct-hss-hoovliterad-hoovlile-t-i-p-eh616-82-x-29-x-3mm\/","title":{"rendered":"H\u00f6\u00f6vliterad h\u00f6\u00f6vlile T.I.P EH616, 82 x 29 x 3mm"},"content":{"rendered":"","protected":false},"excerpt":{"rendered":"<p>H\u00f6\u00f6vliterad h\u00f6\u00f6vlile T.I.P EH616, 82 x 29 x 1,1mm. TERITATAVAD TERAD. 1 komplekt = 2 h\u00f6\u00f6velnuga.<\/p>\n<ul>\n<li>HSS = pehmele puidule, siledam pinnaviimistlus ja teravamad kui TCT terad<\/li>\n<li>TCT = k\u00f5vale ja pehmele puule ning kestavad kuni 5 korda kauem kui tavalised HSS terad<\/li>\n<\/ul>\n<p>Rohkem informatsiooni allpool.<\/p>\n","protected":false},"featured_media":20834,"template":"","meta":[],"product_brand":[],"product_cat":[3609,816],"product_tag":[],"class_list":{"0":"post-20647","1":"product","2":"type-product","3":"status-publish","4":"has-post-thumbnail","6":"product_cat-t-i-p-et","7":"product_cat-hoovliterad-markide-jargi","9":"first","10":"instock","11":"taxable","12":"shipping-taxable","13":"purchasable","14":"product-type-variable"},"jetpack_sharing_enabled":true,"_links":{"self":[{"href":"https:\/\/helliston.eu\/et\/wp-json\/wp\/v2\/product\/20647","targetHints":{"allow":["GET"]}}],"collection":[{"href":"https:\/\/helliston.eu\/et\/wp-json\/wp\/v2\/product"}],"about":[{"href":"https:\/\/helliston.eu\/et\/wp-json\/wp\/v2\/types\/product"}],"wp:featuredmedia":[{"embeddable":true,"href":"https:\/\/helliston.eu\/et\/wp-json\/wp\/v2\/media\/20834"}],"wp:attachment":[{"href":"https:\/\/helliston.eu\/et\/wp-json\/wp\/v2\/media?parent=20647"}],"wp:term":[{"taxonomy":"product_brand","embeddable":true,"href":"https:\/\/helliston.eu\/et\/wp-json\/wp\/v2\/product_brand?post=20647"},{"taxonomy":"product_cat","embeddable":true,"href":"https:\/\/helliston.eu\/et\/wp-json\/wp\/v2\/product_cat?post=20647"},{"taxonomy":"product_tag","embeddable":true,"href":"https:\/\/helliston.eu\/et\/wp-json\/wp\/v2\/product_tag?post=20647"}],"curies":[{"name":"wp","href":"https:\/\/api.w.org\/{rel}","templated":true}]}}