{"id":20606,"date":"2023-04-02T17:51:43","date_gmt":"2023-04-02T18:23:58","guid":{"rendered":"https:\/\/helliston.eu\/product\/hoovliterad-hoovlile-makita-kp0800-kp0800j-h-82-x-29-x-3mm\/"},"modified":"2023-04-02T18:38:59","modified_gmt":"2023-04-02T18:38:59","slug":"hm-tct-hw-hss-hoovliterad-hoovlile-makita-kp0800-kp0800j-h-82-x-29-x-3mm","status":"publish","type":"product","link":"https:\/\/helliston.eu\/et\/toode\/hm-tct-hw-hss-hoovliterad-hoovlile-makita-kp0800-kp0800j-h-82-x-29-x-3mm\/","title":{"rendered":"H\u00f6\u00f6vliterad h\u00f6\u00f6vlile Makita KP0800, KP0800J H, 82 x 29 x 3mm"},"content":{"rendered":"","protected":false},"excerpt":{"rendered":"<p>H\u00f6\u00f6vliterad h\u00f6\u00f6vlile Makita KP0800, KP0800J, 82 x 29 x 1,1mm. TERITATAVAD TERAD. 1 komplekt = 2 h\u00f6\u00f6velnuga.<\/p>\n<ul>\n<li>HSS = pehmele puidule, siledam pinnaviimistlus ja teravamad kui TCT terad<\/li>\n<li>TCT = k\u00f5vale ja pehmele puule ning kestavad kuni 5 korda kauem kui tavalised HSS terad<\/li>\n<\/ul>\n<p>Rohkem informatsiooni allpool.<\/p>\n","protected":false},"featured_media":20359,"template":"","meta":[],"product_brand":[],"product_cat":[816,2323,1654,1655,868],"product_tag":[],"class_list":{"0":"post-20606","1":"product","2":"type-product","3":"status-publish","4":"has-post-thumbnail","6":"product_cat-hoovliterad-markide-jargi","7":"product_cat-hoovel-makita-kp","8":"product_cat-hoovel-makita-kp0800","9":"product_cat-hoovel-makita-kp0800j","10":"product_cat-hoovliterad-hoovlile-makita","12":"first","13":"instock","14":"taxable","15":"shipping-taxable","16":"purchasable","17":"product-type-variable"},"jetpack_sharing_enabled":true,"_links":{"self":[{"href":"https:\/\/helliston.eu\/et\/wp-json\/wp\/v2\/product\/20606","targetHints":{"allow":["GET"]}}],"collection":[{"href":"https:\/\/helliston.eu\/et\/wp-json\/wp\/v2\/product"}],"about":[{"href":"https:\/\/helliston.eu\/et\/wp-json\/wp\/v2\/types\/product"}],"wp:featuredmedia":[{"embeddable":true,"href":"https:\/\/helliston.eu\/et\/wp-json\/wp\/v2\/media\/20359"}],"wp:attachment":[{"href":"https:\/\/helliston.eu\/et\/wp-json\/wp\/v2\/media?parent=20606"}],"wp:term":[{"taxonomy":"product_brand","embeddable":true,"href":"https:\/\/helliston.eu\/et\/wp-json\/wp\/v2\/product_brand?post=20606"},{"taxonomy":"product_cat","embeddable":true,"href":"https:\/\/helliston.eu\/et\/wp-json\/wp\/v2\/product_cat?post=20606"},{"taxonomy":"product_tag","embeddable":true,"href":"https:\/\/helliston.eu\/et\/wp-json\/wp\/v2\/product_tag?post=20606"}],"curies":[{"name":"wp","href":"https:\/\/api.w.org\/{rel}","templated":true}]}}