{"id":20600,"date":"2023-04-02T17:48:04","date_gmt":"2023-04-02T18:23:46","guid":{"rendered":"https:\/\/helliston.eu\/product\/teritatavad-hoovliterad-82-x-29-x-3mm-hoovlitele-makita-bosch-ryobi-skil-dewalt-jne\/"},"modified":"2023-04-02T18:39:01","modified_gmt":"2023-04-02T18:39:01","slug":"hm-tct-hw-hss-teritatavad-hoovliterad-82-x-29-x-3mm-hoovlitele-makita-bosch-ryobi-skil-dewalt-jne","status":"publish","type":"product","link":"https:\/\/helliston.eu\/et\/toode\/hm-tct-hw-hss-teritatavad-hoovliterad-82-x-29-x-3mm-hoovlitele-makita-bosch-ryobi-skil-dewalt-jne\/","title":{"rendered":"Teritatavad h\u00f6\u00f6vliterad 82 x 29 x 3mm h\u00f6\u00f6vlitele Makita, Bosch, Ryobi, Skil, Dewalt jne."},"content":{"rendered":"","protected":false},"excerpt":{"rendered":"<p>H\u00f6\u00f6vliterad erinevatele h\u00f6\u00f6vlitele nagu Makita, Bosch, Ryobi, Skil, Dewalt jne. 82 x 29 x 1,1mm. TERITATAVAD TERAD. 1 komplekt = 2 h\u00f6\u00f6velnuga.<\/p>\n<ul>\n<li>HSS = pehmele puidule, siledam pinnaviimistlus ja teravamad kui TCT terad<\/li>\n<li>TCT = k\u00f5vale ja pehmele puule ning kestavad kuni 5 korda kauem kui tavalised HSS terad<\/li>\n<\/ul>\n<p>Rohkem informatsiooni allpool.<\/p>\n","protected":false},"featured_media":20282,"template":"","meta":[],"product_brand":[],"product_cat":[203,197],"product_tag":[],"class_list":{"0":"post-20600","1":"product","2":"type-product","3":"status-publish","4":"has-post-thumbnail","6":"product_cat-82mm-makita-1100-1100n-n1900b-1902-n1923b-1923h-aeg-bosch-hitachi-makita-mafell-metabo-skil-et","7":"product_cat-hoovliterad","9":"first","10":"instock","11":"taxable","12":"shipping-taxable","13":"purchasable","14":"product-type-variable"},"jetpack_sharing_enabled":true,"_links":{"self":[{"href":"https:\/\/helliston.eu\/et\/wp-json\/wp\/v2\/product\/20600","targetHints":{"allow":["GET"]}}],"collection":[{"href":"https:\/\/helliston.eu\/et\/wp-json\/wp\/v2\/product"}],"about":[{"href":"https:\/\/helliston.eu\/et\/wp-json\/wp\/v2\/types\/product"}],"wp:featuredmedia":[{"embeddable":true,"href":"https:\/\/helliston.eu\/et\/wp-json\/wp\/v2\/media\/20282"}],"wp:attachment":[{"href":"https:\/\/helliston.eu\/et\/wp-json\/wp\/v2\/media?parent=20600"}],"wp:term":[{"taxonomy":"product_brand","embeddable":true,"href":"https:\/\/helliston.eu\/et\/wp-json\/wp\/v2\/product_brand?post=20600"},{"taxonomy":"product_cat","embeddable":true,"href":"https:\/\/helliston.eu\/et\/wp-json\/wp\/v2\/product_cat?post=20600"},{"taxonomy":"product_tag","embeddable":true,"href":"https:\/\/helliston.eu\/et\/wp-json\/wp\/v2\/product_tag?post=20600"}],"curies":[{"name":"wp","href":"https:\/\/api.w.org\/{rel}","templated":true}]}}