{"id":18505,"date":"2023-04-02T09:31:55","date_gmt":"2023-04-02T09:31:59","guid":{"rendered":"https:\/\/helliston.eu\/?post_type=product&#038;p=18505"},"modified":"2023-04-02T10:47:28","modified_gmt":"2023-04-02T10:47:28","slug":"hoovliterad-755mm-hoovlitele-blackdecker-kress-jet-star-aeg-atlas-copco-bosch-festo-holzher-haffner-mafell-skill-scheer-metabo","status":"publish","type":"product","link":"https:\/\/helliston.eu\/et\/toode\/hoovliterad-755mm-hoovlitele-blackdecker-kress-jet-star-aeg-atlas-copco-bosch-festo-holzher-haffner-mafell-skill-scheer-metabo\/","title":{"rendered":"H\u00f6\u00f6vliterad 75,5mm h\u00f6\u00f6vlitele BlackDecker, Kress Jet Star, AEG Atlas Copco, Bosch, Festo, HolzHer, Haffner, Mafell, Skill, Scheer, Metabo"},"content":{"rendered":"","protected":false},"excerpt":{"rendered":"<p>H\u00f6\u00f6vliterad 75,5 x 5,5 x 1,1mm:<\/p>\n<ul>\n<li>AEG Atlas Copco: HTH75<\/li>\n<li>Black&amp;Decker: DN750, BD750, BD75, KW750, SR600, SR600K<\/li>\n<li>Bosch: 0590, 1590, 1591, P400<\/li>\n<li>Festo: REP 75<\/li>\n<li>Haffner: FH 222<\/li>\n<li>Holzher: 2121, 2320, 2223, 2330, 2286<\/li>\n<li>Kress Jet Star: 6701, HG6702<\/li>\n<li>Mafell: HU 75<\/li>\n<li>Metabo: 6375<\/li>\n<li>Scheer: MH75\/3, MH80<\/li>\n<li>Skil 98H<\/li>\n<\/ul>\n<p>5 paari = 10 h\u00f6\u00f6vlitera.<\/p>\n<ul>\n<li>HSS = pehmele puidule, siledam pinnaviimistlus ja teravamad kui TCT terad<\/li>\n<li>TCT = k\u00f5vale ja pehmele puule ning kestavad kuni 5 korda kauem kui tavalised HSS terad<\/li>\n<\/ul>\n<p>Rohkem informatsiooni allpool.<\/p>\n","protected":false},"featured_media":19016,"template":"","meta":[],"product_brand":[],"product_cat":[198,816],"product_tag":[],"class_list":{"0":"post-18505","1":"product","2":"type-product","3":"status-publish","4":"has-post-thumbnail","6":"product_cat-56mm-75-5mm-80-5mm-bosch-gho-12v-20-adler-bh-556-hoffmann-bh-556-wegoma-ap98-aeg-450-dewalt-dw676k-elu-mff40-mf8f80-mff81-et","7":"product_cat-hoovliterad-markide-jargi","9":"first","10":"instock","11":"taxable","12":"shipping-taxable","13":"purchasable","14":"product-type-variable"},"jetpack_sharing_enabled":true,"_links":{"self":[{"href":"https:\/\/helliston.eu\/et\/wp-json\/wp\/v2\/product\/18505","targetHints":{"allow":["GET"]}}],"collection":[{"href":"https:\/\/helliston.eu\/et\/wp-json\/wp\/v2\/product"}],"about":[{"href":"https:\/\/helliston.eu\/et\/wp-json\/wp\/v2\/types\/product"}],"wp:featuredmedia":[{"embeddable":true,"href":"https:\/\/helliston.eu\/et\/wp-json\/wp\/v2\/media\/19016"}],"wp:attachment":[{"href":"https:\/\/helliston.eu\/et\/wp-json\/wp\/v2\/media?parent=18505"}],"wp:term":[{"taxonomy":"product_brand","embeddable":true,"href":"https:\/\/helliston.eu\/et\/wp-json\/wp\/v2\/product_brand?post=18505"},{"taxonomy":"product_cat","embeddable":true,"href":"https:\/\/helliston.eu\/et\/wp-json\/wp\/v2\/product_cat?post=18505"},{"taxonomy":"product_tag","embeddable":true,"href":"https:\/\/helliston.eu\/et\/wp-json\/wp\/v2\/product_tag?post=18505"}],"curies":[{"name":"wp","href":"https:\/\/api.w.org\/{rel}","templated":true}]}}