{"id":18454,"date":"2023-04-02T07:36:22","date_gmt":"2023-04-02T07:36:37","guid":{"rendered":"https:\/\/helliston.eu\/?post_type=product&#038;p=18454"},"modified":"2023-04-02T08:38:21","modified_gmt":"2023-04-02T08:38:21","slug":"hoovliterad-hoovlile-metabo-6375-755mm","status":"publish","type":"product","link":"https:\/\/helliston.eu\/et\/toode\/hoovliterad-hoovlile-metabo-6375-755mm\/","title":{"rendered":"H\u00f6\u00f6vliterad h\u00f6\u00f6vlile Metabo 6375, 75,5mm"},"content":{"rendered":"","protected":false},"excerpt":{"rendered":"<p>H\u00f6\u00f6vliterad h\u00f6\u00f6vlile Metabo 6375, 75,5 x 5,5 x 1,1mm. 5 paari = 10 h\u00f6\u00f6vlitera.<\/p>\n<ul>\n<li>HSS = pehmele puidule, siledam pinnaviimistlus ja teravamad kui TCT terad<\/li>\n<li>TCT = k\u00f5vale ja pehmele puule ning kestavad kuni 5 korda kauem kui tavalised HSS terad<\/li>\n<\/ul>\n<p>Rohkem informatsiooni allpool.<\/p>\n","protected":false},"featured_media":18988,"template":"","meta":[],"product_brand":[],"product_cat":[3571,816,874],"product_tag":[],"class_list":{"0":"post-18454","1":"product","2":"type-product","3":"status-publish","4":"has-post-thumbnail","6":"product_cat-6375-et","7":"product_cat-hoovliterad-markide-jargi","8":"product_cat-hoovliterad-hoovlile-metabo","10":"first","11":"instock","12":"taxable","13":"shipping-taxable","14":"purchasable","15":"product-type-variable"},"jetpack_sharing_enabled":true,"_links":{"self":[{"href":"https:\/\/helliston.eu\/et\/wp-json\/wp\/v2\/product\/18454","targetHints":{"allow":["GET"]}}],"collection":[{"href":"https:\/\/helliston.eu\/et\/wp-json\/wp\/v2\/product"}],"about":[{"href":"https:\/\/helliston.eu\/et\/wp-json\/wp\/v2\/types\/product"}],"wp:featuredmedia":[{"embeddable":true,"href":"https:\/\/helliston.eu\/et\/wp-json\/wp\/v2\/media\/18988"}],"wp:attachment":[{"href":"https:\/\/helliston.eu\/et\/wp-json\/wp\/v2\/media?parent=18454"}],"wp:term":[{"taxonomy":"product_brand","embeddable":true,"href":"https:\/\/helliston.eu\/et\/wp-json\/wp\/v2\/product_brand?post=18454"},{"taxonomy":"product_cat","embeddable":true,"href":"https:\/\/helliston.eu\/et\/wp-json\/wp\/v2\/product_cat?post=18454"},{"taxonomy":"product_tag","embeddable":true,"href":"https:\/\/helliston.eu\/et\/wp-json\/wp\/v2\/product_tag?post=18454"}],"curies":[{"name":"wp","href":"https:\/\/api.w.org\/{rel}","templated":true}]}}