{"id":18305,"date":"2023-04-02T07:25:45","date_gmt":"2023-04-02T07:25:58","guid":{"rendered":"https:\/\/helliston.eu\/?post_type=product&#038;p=18305"},"modified":"2023-04-02T08:38:06","modified_gmt":"2023-04-02T08:38:06","slug":"hoovliterad-hoovlile-festo-rep-75-755mm","status":"publish","type":"product","link":"https:\/\/helliston.eu\/et\/toode\/hoovliterad-hoovlile-festo-rep-75-755mm\/","title":{"rendered":"H\u00f6\u00f6vliterad h\u00f6\u00f6vlile Festo REP 75, 75,5mm"},"content":{"rendered":"","protected":false},"excerpt":{"rendered":"<p>H\u00f6\u00f6vliterad h\u00f6\u00f6vlile Festo REP 75, 75,5 x 5,5 x 1,1mm. 5 paari = 10 h\u00f6\u00f6vlitera.<\/p>\n<ul>\n<li>HSS = pehmele puidule, siledam pinnaviimistlus ja teravamad kui TCT terad<\/li>\n<li>TCT = k\u00f5vale ja pehmele puule ning kestavad kuni 5 korda kauem kui tavalised HSS terad<\/li>\n<\/ul>\n<p>Rohkem informatsiooni allpool.<\/p>\n","protected":false},"featured_media":18817,"template":"","meta":[],"product_brand":[],"product_cat":[3566,816],"product_tag":[],"class_list":{"0":"post-18305","1":"product","2":"type-product","3":"status-publish","4":"has-post-thumbnail","6":"product_cat-festo-et","7":"product_cat-hoovliterad-markide-jargi","9":"first","10":"instock","11":"taxable","12":"shipping-taxable","13":"purchasable","14":"product-type-variable"},"jetpack_sharing_enabled":true,"_links":{"self":[{"href":"https:\/\/helliston.eu\/et\/wp-json\/wp\/v2\/product\/18305","targetHints":{"allow":["GET"]}}],"collection":[{"href":"https:\/\/helliston.eu\/et\/wp-json\/wp\/v2\/product"}],"about":[{"href":"https:\/\/helliston.eu\/et\/wp-json\/wp\/v2\/types\/product"}],"wp:featuredmedia":[{"embeddable":true,"href":"https:\/\/helliston.eu\/et\/wp-json\/wp\/v2\/media\/18817"}],"wp:attachment":[{"href":"https:\/\/helliston.eu\/et\/wp-json\/wp\/v2\/media?parent=18305"}],"wp:term":[{"taxonomy":"product_brand","embeddable":true,"href":"https:\/\/helliston.eu\/et\/wp-json\/wp\/v2\/product_brand?post=18305"},{"taxonomy":"product_cat","embeddable":true,"href":"https:\/\/helliston.eu\/et\/wp-json\/wp\/v2\/product_cat?post=18305"},{"taxonomy":"product_tag","embeddable":true,"href":"https:\/\/helliston.eu\/et\/wp-json\/wp\/v2\/product_tag?post=18305"}],"curies":[{"name":"wp","href":"https:\/\/api.w.org\/{rel}","templated":true}]}}