{"id":16675,"date":"2023-03-31T20:24:36","date_gmt":"2023-03-31T20:24:37","guid":{"rendered":"https:\/\/helliston.eu\/?post_type=product&#038;p=16675"},"modified":"2023-03-31T21:18:50","modified_gmt":"2023-03-31T21:18:50","slug":"hoovliterad-hoovlile-extol-premium-8893405-110mm","status":"publish","type":"product","link":"https:\/\/www.helliston.eu\/et\/toode\/hoovliterad-hoovlile-extol-premium-8893405-110mm\/","title":{"rendered":"H\u00f6\u00f6vliterad h\u00f6\u00f6vlile Extol Premium 8893405, 110mm"},"content":{"rendered":"","protected":false},"excerpt":{"rendered":"<p>H\u00f6\u00f6vliterad h\u00f6\u00f6vlile Extol Premium 8893405, 110 x 5,5 x 1,1mm.<\/p>\n<ul>\n<li>HSS = pehmele puidule, siledam pinnaviimistlus ja teravamad kui TCT terad<\/li>\n<li>TCT = k\u00f5vale ja pehmele puule ning kestavad kuni 5 korda kauem kui tavalised HSS terad<\/li>\n<\/ul>\n<p>Rohkem informatsiooni allpool.<\/p>\n<p>***Pakendid on valmistatud k\u00f5vast papist ja ilma plastikuta.***<\/p>\n","protected":false},"featured_media":16776,"template":"","meta":[],"product_brand":[],"product_cat":[213,3179,816],"product_tag":[],"class_list":{"0":"post-16675","1":"product","2":"type-product","3":"status-publish","4":"has-post-thumbnail","6":"product_cat-110mm-155mm-170mm-makita-1911b-1002ba-1805-1805b-1805n-1806-1806b-et","7":"product_cat-hoovliterad-hoovlile-extol","8":"product_cat-hoovliterad-markide-jargi","10":"first","11":"instock","12":"taxable","13":"shipping-taxable","14":"purchasable","15":"product-type-variable"},"jetpack_sharing_enabled":true,"_links":{"self":[{"href":"https:\/\/www.helliston.eu\/et\/wp-json\/wp\/v2\/product\/16675","targetHints":{"allow":["GET"]}}],"collection":[{"href":"https:\/\/www.helliston.eu\/et\/wp-json\/wp\/v2\/product"}],"about":[{"href":"https:\/\/www.helliston.eu\/et\/wp-json\/wp\/v2\/types\/product"}],"wp:featuredmedia":[{"embeddable":true,"href":"https:\/\/www.helliston.eu\/et\/wp-json\/wp\/v2\/media\/16776"}],"wp:attachment":[{"href":"https:\/\/www.helliston.eu\/et\/wp-json\/wp\/v2\/media?parent=16675"}],"wp:term":[{"taxonomy":"product_brand","embeddable":true,"href":"https:\/\/www.helliston.eu\/et\/wp-json\/wp\/v2\/product_brand?post=16675"},{"taxonomy":"product_cat","embeddable":true,"href":"https:\/\/www.helliston.eu\/et\/wp-json\/wp\/v2\/product_cat?post=16675"},{"taxonomy":"product_tag","embeddable":true,"href":"https:\/\/www.helliston.eu\/et\/wp-json\/wp\/v2\/product_tag?post=16675"}],"curies":[{"name":"wp","href":"https:\/\/api.w.org\/{rel}","templated":true}]}}