{"id":16473,"date":"2023-03-31T12:46:22","date_gmt":"2023-03-31T13:33:50","guid":{"rendered":"https:\/\/helliston.eu\/product\/hoovliterad-hoovlile-makita-kp0810-kp0810c-kp0810cj-82mm\/"},"modified":"2023-03-31T13:40:48","modified_gmt":"2023-03-31T13:40:48","slug":"hoovliterad-hoovlile-makita-kp0810-kp0810c-kp0810cj-82mm","status":"publish","type":"product","link":"https:\/\/helliston.eu\/et\/toode\/hoovliterad-hoovlile-makita-kp0810-kp0810c-kp0810cj-82mm\/","title":{"rendered":"H\u00f6\u00f6vliterad h\u00f6\u00f6vlile Makita KP0810, KP0810C, KP0810CJ, 82mm"},"content":{"rendered":"","protected":false},"excerpt":{"rendered":"<p>H\u00f6\u00f6vliterad h\u00f6\u00f6vlile Makita KP0810, KP0810C, KP0810CJ, 82 x 5,5 x 1,1mm. 5 paari = 10 h\u00f6\u00f6vlitera.<\/p>\n<ul>\n<li>HSS = pehmele puidule, siledam pinnaviimistlus ja teravamad kui TCT terad<\/li>\n<li>TCT = k\u00f5vale ja pehmele puule ning kestavad kuni 5 korda kauem kui tavalised HSS terad<\/li>\n<\/ul>\n<p>Rohkem informatsiooni allpool.<\/p>\n<p>***Pakendid on valmistatud k\u00f5vast papist ja ilma plastikuta.***<\/p>\n","protected":false},"featured_media":10037,"template":"","meta":[],"product_brand":[],"product_cat":[816,2323,1656,1657,2324,868],"product_tag":[],"class_list":{"0":"post-16473","1":"product","2":"type-product","3":"status-publish","4":"has-post-thumbnail","6":"product_cat-hoovliterad-markide-jargi","7":"product_cat-hoovel-makita-kp","8":"product_cat-hoovel-makita-kp0810","9":"product_cat-hoovel-makita-kp0810c","10":"product_cat-hoovel-makita-kp0810cj","11":"product_cat-hoovliterad-hoovlile-makita","13":"first","14":"instock","15":"taxable","16":"shipping-taxable","17":"product-type-variable"},"jetpack_sharing_enabled":true,"_links":{"self":[{"href":"https:\/\/helliston.eu\/et\/wp-json\/wp\/v2\/product\/16473","targetHints":{"allow":["GET"]}}],"collection":[{"href":"https:\/\/helliston.eu\/et\/wp-json\/wp\/v2\/product"}],"about":[{"href":"https:\/\/helliston.eu\/et\/wp-json\/wp\/v2\/types\/product"}],"wp:featuredmedia":[{"embeddable":true,"href":"https:\/\/helliston.eu\/et\/wp-json\/wp\/v2\/media\/10037"}],"wp:attachment":[{"href":"https:\/\/helliston.eu\/et\/wp-json\/wp\/v2\/media?parent=16473"}],"wp:term":[{"taxonomy":"product_brand","embeddable":true,"href":"https:\/\/helliston.eu\/et\/wp-json\/wp\/v2\/product_brand?post=16473"},{"taxonomy":"product_cat","embeddable":true,"href":"https:\/\/helliston.eu\/et\/wp-json\/wp\/v2\/product_cat?post=16473"},{"taxonomy":"product_tag","embeddable":true,"href":"https:\/\/helliston.eu\/et\/wp-json\/wp\/v2\/product_tag?post=16473"}],"curies":[{"name":"wp","href":"https:\/\/api.w.org\/{rel}","templated":true}]}}