{"id":15425,"date":"2023-03-31T06:17:17","date_gmt":"2023-03-31T06:17:18","guid":{"rendered":"https:\/\/helliston.eu\/?post_type=product&#038;p=15425"},"modified":"2023-03-31T09:48:11","modified_gmt":"2023-03-31T09:48:11","slug":"hoovliterad-hoovlile-wegoma-virutex-ap98-ap98n-ce53s-56x55x11mm","status":"publish","type":"product","link":"https:\/\/helliston.eu\/et\/toode\/hoovliterad-hoovlile-wegoma-virutex-ap98-ap98n-ce53s-56x55x11mm\/","title":{"rendered":"H\u00f6\u00f6vliterad h\u00f6\u00f6vlile Wegoma, Virutex AP98, AP98N, CE53S, 56&#215;5,5&#215;1,1mm"},"content":{"rendered":"","protected":false},"excerpt":{"rendered":"<p>H\u00f6\u00f6vliterad h\u00f6\u00f6vlile Wegoma, Virutex AP98, AP98N, CE53S, 56 x 5,5 x 1,1mm. 5 paari = 10 h\u00f6\u00f6vlitera.<\/p>\n<ul>\n<li>HSS = pehmele puidule, siledam pinnaviimistlus ja teravamad kui TCT terad<\/li>\n<li>TCT = pehme ja k\u00f5va puidu jaoks ja kestab kuni 5 korda kauem kui tavalised HSS h\u00f6\u00f6velnugad.<\/li>\n<\/ul>\n<p>Rohkem informatsiooni allpool.<\/p>\n<p>***Pakendid on valmistatud k\u00f5vast papist ja ilma plastikuta.***<\/p>\n","protected":false},"featured_media":15438,"template":"","meta":[],"product_brand":[],"product_cat":[1781,816,2882,2914,892],"product_tag":[],"class_list":{"0":"post-15425","1":"product","2":"type-product","3":"status-publish","4":"has-post-thumbnail","6":"product_cat-hoovel-virutex-ap98-ce53s","7":"product_cat-hoovliterad-markide-jargi","8":"product_cat-hoovliterad-hoovlile-parkside","9":"product_cat-hoovlile-pha-12-b2","10":"product_cat-hoovliterad-hoovlile-virutex","12":"first","13":"instock","14":"taxable","15":"shipping-taxable","16":"purchasable","17":"product-type-variable"},"jetpack_sharing_enabled":true,"_links":{"self":[{"href":"https:\/\/helliston.eu\/et\/wp-json\/wp\/v2\/product\/15425","targetHints":{"allow":["GET"]}}],"collection":[{"href":"https:\/\/helliston.eu\/et\/wp-json\/wp\/v2\/product"}],"about":[{"href":"https:\/\/helliston.eu\/et\/wp-json\/wp\/v2\/types\/product"}],"wp:featuredmedia":[{"embeddable":true,"href":"https:\/\/helliston.eu\/et\/wp-json\/wp\/v2\/media\/15438"}],"wp:attachment":[{"href":"https:\/\/helliston.eu\/et\/wp-json\/wp\/v2\/media?parent=15425"}],"wp:term":[{"taxonomy":"product_brand","embeddable":true,"href":"https:\/\/helliston.eu\/et\/wp-json\/wp\/v2\/product_brand?post=15425"},{"taxonomy":"product_cat","embeddable":true,"href":"https:\/\/helliston.eu\/et\/wp-json\/wp\/v2\/product_cat?post=15425"},{"taxonomy":"product_tag","embeddable":true,"href":"https:\/\/helliston.eu\/et\/wp-json\/wp\/v2\/product_tag?post=15425"}],"curies":[{"name":"wp","href":"https:\/\/api.w.org\/{rel}","templated":true}]}}