{"id":15406,"date":"2023-03-30T15:01:14","date_gmt":"2023-03-30T18:01:07","guid":{"rendered":"https:\/\/helliston.eu\/product\/hoovliterad-hoovlile-makita-2012-2012nb-hm-tct-306x32x3mm\/"},"modified":"2023-03-30T18:02:29","modified_gmt":"2023-03-30T18:02:29","slug":"hoovliterad-hoovlile-makita-2012-2012nb-hm-tct-306x32x3mm","status":"publish","type":"product","link":"https:\/\/helliston.eu\/et\/toode\/hoovliterad-hoovlile-makita-2012-2012nb-hm-tct-306x32x3mm\/","title":{"rendered":"H\u00f6\u00f6vliterad h\u00f6\u00f6vlile Makita 2012, 2012NB, HM\/TCT, 306x32x3mm"},"content":{"rendered":"","protected":false},"excerpt":{"rendered":"<p>HM\/TCT h\u00f6\u00f6vliterad paksusmasinale Makita 2012NB, 306x32x3mm. 2 tera\/ pakis. Valmistatud vastupidavast k\u00f5vametallist\/ volframkarbiidist (TCT). Karbiidist terad peavad vastu 5 korda kauem kui tavalised HSS-h\u00f6\u00f6vliterad. Terad on teritatavad. Rohkem informatsiooni allpool.<\/p>\n","protected":false},"featured_media":15363,"template":"","meta":[],"product_brand":[],"product_cat":[1628,868],"product_tag":[],"class_list":{"0":"post-15406","1":"product","2":"type-product","3":"status-publish","4":"has-post-thumbnail","6":"product_cat-riht-paksushoovel-makita-2012-nb-306mm","7":"product_cat-hoovliterad-hoovlile-makita","9":"first","10":"instock","11":"taxable","12":"shipping-taxable","13":"purchasable","14":"product-type-simple"},"jetpack_sharing_enabled":true,"_links":{"self":[{"href":"https:\/\/helliston.eu\/et\/wp-json\/wp\/v2\/product\/15406","targetHints":{"allow":["GET"]}}],"collection":[{"href":"https:\/\/helliston.eu\/et\/wp-json\/wp\/v2\/product"}],"about":[{"href":"https:\/\/helliston.eu\/et\/wp-json\/wp\/v2\/types\/product"}],"wp:featuredmedia":[{"embeddable":true,"href":"https:\/\/helliston.eu\/et\/wp-json\/wp\/v2\/media\/15363"}],"wp:attachment":[{"href":"https:\/\/helliston.eu\/et\/wp-json\/wp\/v2\/media?parent=15406"}],"wp:term":[{"taxonomy":"product_brand","embeddable":true,"href":"https:\/\/helliston.eu\/et\/wp-json\/wp\/v2\/product_brand?post=15406"},{"taxonomy":"product_cat","embeddable":true,"href":"https:\/\/helliston.eu\/et\/wp-json\/wp\/v2\/product_cat?post=15406"},{"taxonomy":"product_tag","embeddable":true,"href":"https:\/\/helliston.eu\/et\/wp-json\/wp\/v2\/product_tag?post=15406"}],"curies":[{"name":"wp","href":"https:\/\/api.w.org\/{rel}","templated":true}]}}