{"id":15325,"date":"2023-03-30T14:53:05","date_gmt":"2023-03-30T16:54:28","guid":{"rendered":"https:\/\/helliston.eu\/product\/hoovliterad-hoovlile-makita-kp312-kp312s-hm-tct-306x8x2mm-jaoks\/"},"modified":"2023-03-30T17:57:02","modified_gmt":"2023-03-30T17:57:02","slug":"hoovliterad-hoovlile-makita-kp312-kp312s-hm-tct-306x8x2mm","status":"publish","type":"product","link":"https:\/\/helliston.eu\/et\/toode\/hoovliterad-hoovlile-makita-kp312-kp312s-hm-tct-306x8x2mm\/","title":{"rendered":"H\u00f6\u00f6vliterad h\u00f6\u00f6vlile Makita KP312, KP312S, HM\/TCT, 306x8x2mm"},"content":{"rendered":"","protected":false},"excerpt":{"rendered":"<p>HM\/TCT h\u00f6\u00f6velterad h\u00f6\u00f6vlile Makita KP312, KP312S, 312 x 8 x 2 mm. 2 tera\/ pakis. Valmistatud vastupidavast k\u00f5vametallist\/ volframkarbiidist (TCT). Karbiidist terad peavad vastu 5 korda kauem kui tavalised HSS-h\u00f6\u00f6vliterad. Terad on teritatavad. Rohkem informatsiooni allpool.<\/p>\n","protected":false},"featured_media":15303,"template":"","meta":[],"product_brand":[],"product_cat":[1658,868],"product_tag":[],"class_list":{"0":"post-15325","1":"product","2":"type-product","3":"status-publish","4":"has-post-thumbnail","6":"product_cat-hoovel-makita-kp312-s-312mm","7":"product_cat-hoovliterad-hoovlile-makita","9":"first","10":"instock","11":"taxable","12":"shipping-taxable","13":"purchasable","14":"product-type-simple"},"jetpack_sharing_enabled":true,"_links":{"self":[{"href":"https:\/\/helliston.eu\/et\/wp-json\/wp\/v2\/product\/15325","targetHints":{"allow":["GET"]}}],"collection":[{"href":"https:\/\/helliston.eu\/et\/wp-json\/wp\/v2\/product"}],"about":[{"href":"https:\/\/helliston.eu\/et\/wp-json\/wp\/v2\/types\/product"}],"wp:featuredmedia":[{"embeddable":true,"href":"https:\/\/helliston.eu\/et\/wp-json\/wp\/v2\/media\/15303"}],"wp:attachment":[{"href":"https:\/\/helliston.eu\/et\/wp-json\/wp\/v2\/media?parent=15325"}],"wp:term":[{"taxonomy":"product_brand","embeddable":true,"href":"https:\/\/helliston.eu\/et\/wp-json\/wp\/v2\/product_brand?post=15325"},{"taxonomy":"product_cat","embeddable":true,"href":"https:\/\/helliston.eu\/et\/wp-json\/wp\/v2\/product_cat?post=15325"},{"taxonomy":"product_tag","embeddable":true,"href":"https:\/\/helliston.eu\/et\/wp-json\/wp\/v2\/product_tag?post=15325"}],"curies":[{"name":"wp","href":"https:\/\/api.w.org\/{rel}","templated":true}]}}