{"id":15166,"date":"2023-03-30T14:33:19","date_gmt":"2023-03-30T15:55:01","guid":{"rendered":"https:\/\/helliston.eu\/product\/hoovliterad-hoovlile-makita-1911b-1911bj-1002ba-hss-110x29x3mm\/"},"modified":"2023-03-30T17:56:48","modified_gmt":"2023-03-30T17:56:48","slug":"hoovliterad-hoovlile-makita-1911b-1911bj-1002ba-hss-110x29x3mm","status":"publish","type":"product","link":"https:\/\/helliston.eu\/et\/toode\/hoovliterad-hoovlile-makita-1911b-1911bj-1002ba-hss-110x29x3mm\/","title":{"rendered":"H\u00f6\u00f6vliterad h\u00f6\u00f6vlile Makita 1911B, 1911BJ, 1002BA, HSS, 110x29x3mm"},"content":{"rendered":"","protected":false},"excerpt":{"rendered":"<p>HSS h\u00f6\u00f6velterad h\u00f6\u00f6vlile Makita 1991B ja 1002BA, 110 x 29 x 3 mm. 2 tera\/ pakis. Valmistatud vastupidavast HSS kiirl\u00f5iketerasest (Rockwelli k\u00f5vadus 63+HRC). Terad on teritatavad. Rohkem informatsiooni allpool.<\/p>\n","protected":false},"featured_media":15136,"template":"","meta":[],"product_brand":[],"product_cat":[1624,1627,868],"product_tag":[],"class_list":{"0":"post-15166","1":"product","2":"type-product","3":"status-publish","4":"has-post-thumbnail","6":"product_cat-hoovel-makita-1002-ba-110mm","7":"product_cat-hoovel-makita-1911-b-110mm","8":"product_cat-hoovliterad-hoovlile-makita","10":"first","11":"instock","12":"taxable","13":"shipping-taxable","14":"purchasable","15":"product-type-variable"},"jetpack_sharing_enabled":true,"_links":{"self":[{"href":"https:\/\/helliston.eu\/et\/wp-json\/wp\/v2\/product\/15166","targetHints":{"allow":["GET"]}}],"collection":[{"href":"https:\/\/helliston.eu\/et\/wp-json\/wp\/v2\/product"}],"about":[{"href":"https:\/\/helliston.eu\/et\/wp-json\/wp\/v2\/types\/product"}],"wp:featuredmedia":[{"embeddable":true,"href":"https:\/\/helliston.eu\/et\/wp-json\/wp\/v2\/media\/15136"}],"wp:attachment":[{"href":"https:\/\/helliston.eu\/et\/wp-json\/wp\/v2\/media?parent=15166"}],"wp:term":[{"taxonomy":"product_brand","embeddable":true,"href":"https:\/\/helliston.eu\/et\/wp-json\/wp\/v2\/product_brand?post=15166"},{"taxonomy":"product_cat","embeddable":true,"href":"https:\/\/helliston.eu\/et\/wp-json\/wp\/v2\/product_cat?post=15166"},{"taxonomy":"product_tag","embeddable":true,"href":"https:\/\/helliston.eu\/et\/wp-json\/wp\/v2\/product_tag?post=15166"}],"curies":[{"name":"wp","href":"https:\/\/api.w.org\/{rel}","templated":true}]}}