{"id":15026,"date":"2023-03-30T14:24:24","date_gmt":"2023-03-30T15:36:53","guid":{"rendered":"https:\/\/helliston.eu\/product\/hoovliterad-hoovlile-makita-2012-2012nb-hss-306x8x2mm\/"},"modified":"2024-05-02T10:46:25","modified_gmt":"2024-05-02T10:46:25","slug":"hoovliterad-hoovlile-makita-2012-2012nb-hss-306x8x2mm","status":"publish","type":"product","link":"https:\/\/helliston.eu\/et\/toode\/hoovliterad-hoovlile-makita-2012-2012nb-hss-306x8x2mm\/","title":{"rendered":"H\u00f6\u00f6vliterad h\u00f6\u00f6vlile Makita 2012, 2012NB, HSS, 306x8x2mm"},"content":{"rendered":"","protected":false},"excerpt":{"rendered":"<p>HSS h\u00f6\u00f6velterad Makita 2012 ja 2012NB paksuseh\u00f6\u00f6vlile, 306 x 8 x 2 mm. 2 tera pakis. Valmistatud vastupidavast HSS kiirl\u00f5iketerasest (Rockwelli k\u00f5vadus 63+HRC). Terad on teritatavad. Rohkem informatsiooni allpool.<\/p>\n<p>*** Uus! Pakend on valmistatud k\u00f5vast papist ja ei sisalda plasti.***<\/p>\n","protected":false},"featured_media":24805,"template":"","meta":[],"product_brand":[],"product_cat":[1628,868],"product_tag":[],"class_list":{"0":"post-15026","1":"product","2":"type-product","3":"status-publish","4":"has-post-thumbnail","6":"product_cat-riht-paksushoovel-makita-2012-nb-306mm","7":"product_cat-hoovliterad-hoovlile-makita","9":"first","10":"instock","11":"sale","12":"taxable","13":"shipping-taxable","14":"purchasable","15":"product-type-simple"},"jetpack_sharing_enabled":true,"_links":{"self":[{"href":"https:\/\/helliston.eu\/et\/wp-json\/wp\/v2\/product\/15026","targetHints":{"allow":["GET"]}}],"collection":[{"href":"https:\/\/helliston.eu\/et\/wp-json\/wp\/v2\/product"}],"about":[{"href":"https:\/\/helliston.eu\/et\/wp-json\/wp\/v2\/types\/product"}],"wp:featuredmedia":[{"embeddable":true,"href":"https:\/\/helliston.eu\/et\/wp-json\/wp\/v2\/media\/24805"}],"wp:attachment":[{"href":"https:\/\/helliston.eu\/et\/wp-json\/wp\/v2\/media?parent=15026"}],"wp:term":[{"taxonomy":"product_brand","embeddable":true,"href":"https:\/\/helliston.eu\/et\/wp-json\/wp\/v2\/product_brand?post=15026"},{"taxonomy":"product_cat","embeddable":true,"href":"https:\/\/helliston.eu\/et\/wp-json\/wp\/v2\/product_cat?post=15026"},{"taxonomy":"product_tag","embeddable":true,"href":"https:\/\/helliston.eu\/et\/wp-json\/wp\/v2\/product_tag?post=15026"}],"curies":[{"name":"wp","href":"https:\/\/api.w.org\/{rel}","templated":true}]}}