{"id":14949,"date":"2023-03-30T13:00:04","date_gmt":"2023-03-30T13:00:05","guid":{"rendered":"https:\/\/helliston.eu\/?post_type=product&#038;p=14949"},"modified":"2023-03-30T13:39:04","modified_gmt":"2023-03-30T13:39:04","slug":"hoovliterad-hoovlile-dewalt-d27300-qs-hss-260x21x3mm","status":"publish","type":"product","link":"https:\/\/helliston.eu\/et\/toode\/hoovliterad-hoovlile-dewalt-d27300-qs-hss-260x21x3mm\/","title":{"rendered":"H\u00f6\u00f6vliterad h\u00f6\u00f6vlile Dewalt D27300-QS, HSS, 260x21x3mm"},"content":{"rendered":"","protected":false},"excerpt":{"rendered":"<p>HSS h\u00f6\u00f6vliterad h\u00f6\u00f6vel-paksusmasinale Dewalt D27300-QS, 260 x 21 x 3 mm. 2 tera\/ pakis. Valmistatud vastupidavast HSS kiirl\u00f5iketerasest (Rockwelli k\u00f5vadus 63+HRC). Terad on teritatavad. Rohkem informatsiooni allpool.<\/p>\n","protected":false},"featured_media":12989,"template":"","meta":[],"product_brand":[],"product_cat":[3439,427,841,197,816],"product_tag":[],"class_list":{"0":"post-14949","1":"product","2":"type-product","3":"status-publish","4":"has-post-thumbnail","6":"product_cat-d27300-qs-et","7":"product_cat-260mm-for-scheppach-hms260-metabo-elektra-beckum-hc260-hc260m-hc260c-hc260e-hc260es-hc260k-et","8":"product_cat-hoovliterad-hoovlile-dewalt","9":"product_cat-hoovliterad","10":"product_cat-hoovliterad-markide-jargi","12":"first","13":"instock","14":"taxable","15":"shipping-taxable","16":"purchasable","17":"product-type-simple"},"jetpack_sharing_enabled":true,"_links":{"self":[{"href":"https:\/\/helliston.eu\/et\/wp-json\/wp\/v2\/product\/14949","targetHints":{"allow":["GET"]}}],"collection":[{"href":"https:\/\/helliston.eu\/et\/wp-json\/wp\/v2\/product"}],"about":[{"href":"https:\/\/helliston.eu\/et\/wp-json\/wp\/v2\/types\/product"}],"wp:featuredmedia":[{"embeddable":true,"href":"https:\/\/helliston.eu\/et\/wp-json\/wp\/v2\/media\/12989"}],"wp:attachment":[{"href":"https:\/\/helliston.eu\/et\/wp-json\/wp\/v2\/media?parent=14949"}],"wp:term":[{"taxonomy":"product_brand","embeddable":true,"href":"https:\/\/helliston.eu\/et\/wp-json\/wp\/v2\/product_brand?post=14949"},{"taxonomy":"product_cat","embeddable":true,"href":"https:\/\/helliston.eu\/et\/wp-json\/wp\/v2\/product_cat?post=14949"},{"taxonomy":"product_tag","embeddable":true,"href":"https:\/\/helliston.eu\/et\/wp-json\/wp\/v2\/product_tag?post=14949"}],"curies":[{"name":"wp","href":"https:\/\/api.w.org\/{rel}","templated":true}]}}