{"id":14881,"date":"2023-03-29T17:37:46","date_gmt":"2023-03-29T17:37:47","guid":{"rendered":"https:\/\/helliston.eu\/?post_type=product&#038;p=14881"},"modified":"2023-03-29T18:34:17","modified_gmt":"2023-03-29T18:34:17","slug":"hoovliterad-hoovlile-fartools-rd1500-hss-318x182x32mm","status":"publish","type":"product","link":"https:\/\/helliston.eu\/et\/toode\/hoovliterad-hoovlile-fartools-rd1500-hss-318x182x32mm\/","title":{"rendered":"H\u00f6\u00f6vliterad h\u00f6\u00f6vlile Fartools RD1500, HSS, 318&#215;18,2&#215;3,2mm"},"content":{"rendered":"","protected":false},"excerpt":{"rendered":"<p>HSS h\u00f6\u00f6vliterad paksusmasinale Fartools RD1500, 318 x 18,2 x 3,2 mm. 2 tera\/ pakis. Valmistatud vastupidavast HSS kiirl\u00f5iketerasest (Rockwelli k\u00f5vadus 63+HRC). Terad on teritatavad. Rohkem informatsiooni allpool.<\/p>\n","protected":false},"featured_media":17836,"template":"","meta":[],"product_brand":[],"product_cat":[3396,513,2450,197,816],"product_tag":[],"class_list":{"0":"post-14881","1":"product","2":"type-product","3":"status-publish","4":"has-post-thumbnail","6":"product_cat-rd1500-et","7":"product_cat-318-mm-hoovlile-dewalt-dw733-dw7332-qs-ryobi-rap-1500g-etc","8":"product_cat-hoovliterad-hoovlile-fartools","9":"product_cat-hoovliterad","10":"product_cat-hoovliterad-markide-jargi","12":"first","13":"instock","14":"taxable","15":"shipping-taxable","16":"purchasable","17":"product-type-simple"},"jetpack_sharing_enabled":true,"_links":{"self":[{"href":"https:\/\/helliston.eu\/et\/wp-json\/wp\/v2\/product\/14881","targetHints":{"allow":["GET"]}}],"collection":[{"href":"https:\/\/helliston.eu\/et\/wp-json\/wp\/v2\/product"}],"about":[{"href":"https:\/\/helliston.eu\/et\/wp-json\/wp\/v2\/types\/product"}],"wp:featuredmedia":[{"embeddable":true,"href":"https:\/\/helliston.eu\/et\/wp-json\/wp\/v2\/media\/17836"}],"wp:attachment":[{"href":"https:\/\/helliston.eu\/et\/wp-json\/wp\/v2\/media?parent=14881"}],"wp:term":[{"taxonomy":"product_brand","embeddable":true,"href":"https:\/\/helliston.eu\/et\/wp-json\/wp\/v2\/product_brand?post=14881"},{"taxonomy":"product_cat","embeddable":true,"href":"https:\/\/helliston.eu\/et\/wp-json\/wp\/v2\/product_cat?post=14881"},{"taxonomy":"product_tag","embeddable":true,"href":"https:\/\/helliston.eu\/et\/wp-json\/wp\/v2\/product_tag?post=14881"}],"curies":[{"name":"wp","href":"https:\/\/api.w.org\/{rel}","templated":true}]}}