{"id":14421,"date":"2021-03-03T13:35:12","date_gmt":"2023-03-18T05:29:20","guid":{"rendered":"https:\/\/helliston.eu\/product\/hoovliterad-gude-gadh-254-p-tuup-2-hss-261x165x15mm-jaoks\/"},"modified":"2023-04-01T15:38:43","modified_gmt":"2023-04-01T15:38:43","slug":"hoovliterad-gude-gadh-254-p-tuup-2-hss-261x165x15mm","status":"publish","type":"product","link":"https:\/\/helliston.eu\/et\/toode\/hoovliterad-gude-gadh-254-p-tuup-2-hss-261x165x15mm\/","title":{"rendered":"H\u00f6\u00f6vliterad G\u00dcDE GADH 254\/P T\u00dc\u00dcP 2, HSS, 261&#215;16,5&#215;1,5mm"},"content":{"rendered":"","protected":false},"excerpt":{"rendered":"<p>HSS h\u00f6\u00f6velterad h\u00f6\u00f6vel-paksusmasinale G\u00dcDE GADH 254\/P T\u00dc\u00dcP 2, 261 x 16,5 x 1,5 mm. 2 tera\/pakis. Valmistatud vastupidavast HSS kiirl\u00f5iketerasest (Rockwelli k\u00f5vadus 63+HRC). Teritatavad terad. Rohkem informatsiooni allpool.<\/p>\n<p><span style=\"color: #0000ff;\">Enne tellimist kontrollige palun tootefotosid ja oma vanu h\u00f6\u00f6velterasid! G\u00dcDE GADH 254\/P h\u00f6\u00f6velplaane on 2 t\u00fc\u00fcpi. \u00dcks h\u00f6\u00f6vel vajab 258x22x1,8mm h\u00f6\u00f6velterasid 7 auguga (5 \u00fcmmargune, 2 ristk\u00fclikukujuline), teine h\u00f6\u00f6vel vajab 261\u00d716,5\u00d71,5mm h\u00f6\u00f6velterasid 2 auguga.<\/span><\/p>\n","protected":false},"featured_media":12487,"template":"","meta":[],"product_brand":[],"product_cat":[1567,853,816],"product_tag":[],"class_list":{"0":"post-14421","1":"product","2":"type-product","3":"status-publish","4":"has-post-thumbnail","6":"product_cat-riht-paksushoovel-gude-gadh-254","7":"product_cat-hoovliterad-hoovlile-gude","8":"product_cat-hoovliterad-markide-jargi","10":"first","11":"instock","12":"sale","13":"taxable","14":"shipping-taxable","15":"purchasable","16":"product-type-simple"},"jetpack_sharing_enabled":true,"_links":{"self":[{"href":"https:\/\/helliston.eu\/et\/wp-json\/wp\/v2\/product\/14421","targetHints":{"allow":["GET"]}}],"collection":[{"href":"https:\/\/helliston.eu\/et\/wp-json\/wp\/v2\/product"}],"about":[{"href":"https:\/\/helliston.eu\/et\/wp-json\/wp\/v2\/types\/product"}],"wp:featuredmedia":[{"embeddable":true,"href":"https:\/\/helliston.eu\/et\/wp-json\/wp\/v2\/media\/12487"}],"wp:attachment":[{"href":"https:\/\/helliston.eu\/et\/wp-json\/wp\/v2\/media?parent=14421"}],"wp:term":[{"taxonomy":"product_brand","embeddable":true,"href":"https:\/\/helliston.eu\/et\/wp-json\/wp\/v2\/product_brand?post=14421"},{"taxonomy":"product_cat","embeddable":true,"href":"https:\/\/helliston.eu\/et\/wp-json\/wp\/v2\/product_cat?post=14421"},{"taxonomy":"product_tag","embeddable":true,"href":"https:\/\/helliston.eu\/et\/wp-json\/wp\/v2\/product_tag?post=14421"}],"curies":[{"name":"wp","href":"https:\/\/api.w.org\/{rel}","templated":true}]}}