{"id":14349,"date":"2023-03-16T19:31:26","date_gmt":"2023-03-16T19:31:26","guid":{"rendered":"https:\/\/helliston.eu\/?post_type=product&#038;p=14349"},"modified":"2023-03-17T18:03:59","modified_gmt":"2023-03-17T18:03:59","slug":"hoovliterad-hoovlile-pt106-woodster-woodstar-hss-258x22x18mm","status":"publish","type":"product","link":"https:\/\/helliston.eu\/et\/toode\/hoovliterad-hoovlile-pt106-woodster-woodstar-hss-258x22x18mm\/","title":{"rendered":"H\u00f6\u00f6vliterad h\u00f6\u00f6vlile PT106 Woodster\/ Woodstar, HSS, 258x22x1,8mm"},"content":{"rendered":"","protected":false},"excerpt":{"rendered":"<p>H\u00f6\u00f6vliterad h\u00f6\u00f6vel-paksusmasinale PT106 Woodster\/ Woodstar, 258 x 22 x 1,8 mm. 2 tera\/ pakis. Valmistatud vastupidavast HSS kiirl\u00f5iketerasest (Rockwelli k\u00f5vadus 63+HRC). Teritatavad terad. Lisainfo allpool.<\/p>\n","protected":false},"featured_media":9186,"template":"","meta":[],"product_brand":[],"product_cat":[816,1820,895],"product_tag":[4324],"class_list":{"0":"post-14349","1":"product","2":"type-product","3":"status-publish","4":"has-post-thumbnail","6":"product_cat-hoovliterad-markide-jargi","7":"product_cat-riht-paksushoovel-woodstar-pt-106","8":"product_cat-hoovliterad-hoovlile-woodstar","9":"product_tag-258x22-et","11":"first","12":"instock","13":"taxable","14":"shipping-taxable","15":"purchasable","16":"product-type-simple"},"jetpack_sharing_enabled":true,"_links":{"self":[{"href":"https:\/\/helliston.eu\/et\/wp-json\/wp\/v2\/product\/14349","targetHints":{"allow":["GET"]}}],"collection":[{"href":"https:\/\/helliston.eu\/et\/wp-json\/wp\/v2\/product"}],"about":[{"href":"https:\/\/helliston.eu\/et\/wp-json\/wp\/v2\/types\/product"}],"wp:featuredmedia":[{"embeddable":true,"href":"https:\/\/helliston.eu\/et\/wp-json\/wp\/v2\/media\/9186"}],"wp:attachment":[{"href":"https:\/\/helliston.eu\/et\/wp-json\/wp\/v2\/media?parent=14349"}],"wp:term":[{"taxonomy":"product_brand","embeddable":true,"href":"https:\/\/helliston.eu\/et\/wp-json\/wp\/v2\/product_brand?post=14349"},{"taxonomy":"product_cat","embeddable":true,"href":"https:\/\/helliston.eu\/et\/wp-json\/wp\/v2\/product_cat?post=14349"},{"taxonomy":"product_tag","embeddable":true,"href":"https:\/\/helliston.eu\/et\/wp-json\/wp\/v2\/product_tag?post=14349"}],"curies":[{"name":"wp","href":"https:\/\/api.w.org\/{rel}","templated":true}]}}