{"id":14250,"date":"2020-01-05T19:55:21","date_gmt":"2020-01-05T19:55:21","guid":{"rendered":"https:\/\/helliston.eu\/product\/hm-carbide-scraper-insert-blade-for-sandvik-scraper-620-2525-25x25x2mm-4-edges-1-pc\/"},"modified":"2024-06-29T20:54:11","modified_gmt":"2024-06-29T20:54:11","slug":"varutera-lamekaabitsale-sandvik-620-25-620-2520-620-2525-620-2530","status":"publish","type":"product","link":"https:\/\/helliston.eu\/et\/toode\/varutera-lamekaabitsale-sandvik-620-25-620-2520-620-2525-620-2530\/","title":{"rendered":"Varutera lamekaabitsale Sandvik 620-25 (620-2520, 620-2525, 620-2530)"},"content":{"rendered":"","protected":false},"excerpt":{"rendered":"<p>K\u00f5vametallist tera lamekaabitsale Sandvik 620-25 (620-2520, 620-2525, 620-2530)\u00a0 v\u00f5i m\u00f5nele sarnasele mudelile nagu n\u00e4iteks Biax v\u00f5i Rennsteig. Lamekaabitsa varuterad on saadaval j\u00e4rgnevates suurustes:\u00a0 20x25x2mm, 25x25x2mm, and 30x25x2mm. Terad on valmistatud vastupidavast mikroteralisest volframkarbiidist ja karastatud Rockwelli k\u00f5vaduseni 93+HRA. Teradel on neli l\u00f5ikeserva kraadiga 3\u00b0. Enne ostu palun tutvu joonisega ja p\u00f6\u00f6ra t\u00e4helepanu kraadidele!<\/p>\n<p>Rohkem infot allpool.<\/p>\n<p><span data-text-color=\"primary\"><strong>Allahindlus koguse pealt rakendub tervele tellimusele ja mitte ainult \u00fches m\u00f5\u00f5dus terale:\u00a0<\/strong><\/span><\/p>\n","protected":false},"featured_media":25126,"template":"","meta":[],"product_brand":[],"product_cat":[2269],"product_tag":[],"class_list":{"0":"post-14250","1":"product","2":"type-product","3":"status-publish","4":"has-post-thumbnail","6":"product_cat-lamekaabitsa-varaterad-sandvik-kaabitsale-620-2020-2025-2030-rennsteig-460-465-forum-hazet-etc","8":"first","9":"instock","10":"taxable","11":"shipping-taxable","12":"purchasable","13":"product-type-variable"},"jetpack_sharing_enabled":true,"_links":{"self":[{"href":"https:\/\/helliston.eu\/et\/wp-json\/wp\/v2\/product\/14250","targetHints":{"allow":["GET"]}}],"collection":[{"href":"https:\/\/helliston.eu\/et\/wp-json\/wp\/v2\/product"}],"about":[{"href":"https:\/\/helliston.eu\/et\/wp-json\/wp\/v2\/types\/product"}],"wp:featuredmedia":[{"embeddable":true,"href":"https:\/\/helliston.eu\/et\/wp-json\/wp\/v2\/media\/25126"}],"wp:attachment":[{"href":"https:\/\/helliston.eu\/et\/wp-json\/wp\/v2\/media?parent=14250"}],"wp:term":[{"taxonomy":"product_brand","embeddable":true,"href":"https:\/\/helliston.eu\/et\/wp-json\/wp\/v2\/product_brand?post=14250"},{"taxonomy":"product_cat","embeddable":true,"href":"https:\/\/helliston.eu\/et\/wp-json\/wp\/v2\/product_cat?post=14250"},{"taxonomy":"product_tag","embeddable":true,"href":"https:\/\/helliston.eu\/et\/wp-json\/wp\/v2\/product_tag?post=14250"}],"curies":[{"name":"wp","href":"https:\/\/api.w.org\/{rel}","templated":true}]}}