{"id":13074,"date":"2022-08-23T06:03:43","date_gmt":"2022-08-23T06:03:43","guid":{"rendered":"https:\/\/helliston.eu\/?post_type=product&#038;p=13074"},"modified":"2023-04-01T15:37:13","modified_gmt":"2023-04-01T15:37:13","slug":"hoovliterad-hoovlile-metabo-dh330-dh316-hss-333x12x15mm","status":"publish","type":"product","link":"https:\/\/helliston.eu\/et\/toode\/hoovliterad-hoovlile-metabo-dh330-dh316-hss-333x12x15mm\/","title":{"rendered":"H\u00f6\u00f6vliterad h\u00f6\u00f6vlile Metabo DH330, DH316, HSS, 333x12x1,5mm"},"content":{"rendered":"","protected":false},"excerpt":{"rendered":"<p>HSS h\u00f6\u00f6vliterad paksusmasinale Metabo DH330, DH316, 333 x 12 x 1,5 mm. 2 tera\/ pakis. Valmistatud vastupidavast HSS kiirl\u00f5iketerasest (Rockwelli k\u00f5vadus 63+HRC). Terad on teritatavad. Rohkem informatsiooni allpool.<\/p>\n","protected":false},"featured_media":13094,"template":"","meta":[],"product_brand":[],"product_cat":[439,197,1676,1674],"product_tag":[],"class_list":{"0":"post-13074","1":"product","2":"type-product","3":"status-publish","4":"has-post-thumbnail","6":"product_cat-330mm-332mm-hoovlitele-metabo-dh330-dh316","7":"product_cat-hoovliterad","8":"product_cat-riht-paksushoovel-metabo-dh-316-332-mm","9":"product_cat-riht-paksushoovel-metabo-dh330-332mm","11":"first","12":"instock","13":"sale","14":"taxable","15":"shipping-taxable","16":"purchasable","17":"product-type-simple"},"jetpack_sharing_enabled":true,"_links":{"self":[{"href":"https:\/\/helliston.eu\/et\/wp-json\/wp\/v2\/product\/13074","targetHints":{"allow":["GET"]}}],"collection":[{"href":"https:\/\/helliston.eu\/et\/wp-json\/wp\/v2\/product"}],"about":[{"href":"https:\/\/helliston.eu\/et\/wp-json\/wp\/v2\/types\/product"}],"wp:featuredmedia":[{"embeddable":true,"href":"https:\/\/helliston.eu\/et\/wp-json\/wp\/v2\/media\/13094"}],"wp:attachment":[{"href":"https:\/\/helliston.eu\/et\/wp-json\/wp\/v2\/media?parent=13074"}],"wp:term":[{"taxonomy":"product_brand","embeddable":true,"href":"https:\/\/helliston.eu\/et\/wp-json\/wp\/v2\/product_brand?post=13074"},{"taxonomy":"product_cat","embeddable":true,"href":"https:\/\/helliston.eu\/et\/wp-json\/wp\/v2\/product_cat?post=13074"},{"taxonomy":"product_tag","embeddable":true,"href":"https:\/\/helliston.eu\/et\/wp-json\/wp\/v2\/product_tag?post=13074"}],"curies":[{"name":"wp","href":"https:\/\/api.w.org\/{rel}","templated":true}]}}