{"id":11971,"date":"2022-02-19T11:30:36","date_gmt":"2022-02-19T11:30:38","guid":{"rendered":"https:\/\/helliston.eu\/?post_type=product&#038;p=11971"},"modified":"2023-04-01T15:37:57","modified_gmt":"2023-04-01T15:37:57","slug":"hoovliterad-hoovlile-vevor-mb1931-emb1931-hss-318x182x32mm","status":"publish","type":"product","link":"https:\/\/helliston.eu\/et\/toode\/hoovliterad-hoovlile-vevor-mb1931-emb1931-hss-318x182x32mm\/","title":{"rendered":"H\u00f6\u00f6vliterad h\u00f6\u00f6vlile Vevor MB1931, EMB1931, HSS, 318&#215;18,2&#215;3,2mm"},"content":{"rendered":"","protected":false},"excerpt":{"rendered":"<p>HSS h\u00f6\u00f6vliterad paksusmasinale VEVOR MB1931, EMB1931, 318 x 18,2 x 3,2 mm, P\u00d6\u00d6RATAVAD TERAD VEVOR MB1931, EMB1931. 2 tera\/ pakis. Valmistatud vastupidavast HSS kiirl\u00f5iketerasest (Rockwelli k\u00f5vadus 63+HRC). Terad on teritatavad. Rohkem informatsiooni allpool.<\/p>\n","protected":false},"featured_media":17857,"template":"","meta":[],"product_brand":[],"product_cat":[513,197,816,2884],"product_tag":[],"class_list":{"0":"post-11971","1":"product","2":"type-product","3":"status-publish","4":"has-post-thumbnail","6":"product_cat-318-mm-hoovlile-dewalt-dw733-dw7332-qs-ryobi-rap-1500g-etc","7":"product_cat-hoovliterad","8":"product_cat-hoovliterad-markide-jargi","9":"product_cat-hoovliterad-hoovlile-vevor","11":"first","12":"instock","13":"taxable","14":"shipping-taxable","15":"purchasable","16":"product-type-simple"},"jetpack_sharing_enabled":true,"_links":{"self":[{"href":"https:\/\/helliston.eu\/et\/wp-json\/wp\/v2\/product\/11971","targetHints":{"allow":["GET"]}}],"collection":[{"href":"https:\/\/helliston.eu\/et\/wp-json\/wp\/v2\/product"}],"about":[{"href":"https:\/\/helliston.eu\/et\/wp-json\/wp\/v2\/types\/product"}],"wp:featuredmedia":[{"embeddable":true,"href":"https:\/\/helliston.eu\/et\/wp-json\/wp\/v2\/media\/17857"}],"wp:attachment":[{"href":"https:\/\/helliston.eu\/et\/wp-json\/wp\/v2\/media?parent=11971"}],"wp:term":[{"taxonomy":"product_brand","embeddable":true,"href":"https:\/\/helliston.eu\/et\/wp-json\/wp\/v2\/product_brand?post=11971"},{"taxonomy":"product_cat","embeddable":true,"href":"https:\/\/helliston.eu\/et\/wp-json\/wp\/v2\/product_cat?post=11971"},{"taxonomy":"product_tag","embeddable":true,"href":"https:\/\/helliston.eu\/et\/wp-json\/wp\/v2\/product_tag?post=11971"}],"curies":[{"name":"wp","href":"https:\/\/api.w.org\/{rel}","templated":true}]}}