{"id":11318,"date":"2022-02-03T19:56:22","date_gmt":"2022-02-03T19:56:22","guid":{"rendered":"https:\/\/helliston.eu\/?post_type=product&#038;p=11318"},"modified":"2023-03-29T18:24:58","modified_gmt":"2023-03-29T18:24:58","slug":"hoovelterad-hoovlile-holzstar-adh-260-hss-260x186x15mm","status":"publish","type":"product","link":"https:\/\/helliston.eu\/et\/toode\/hoovelterad-hoovlile-holzstar-adh-260-hss-260x186x15mm\/","title":{"rendered":"H\u00f6\u00f6velterad h\u00f6\u00f6vlile Holzstar ADH 260, HSS, 260&#215;18,6&#215;1,5mm"},"content":{"rendered":"","protected":false},"excerpt":{"rendered":"<p>HSS h\u00f6\u00f6vliterad h\u00f6\u00f6vel-paksusmasinale Holzstar ADH 260, 260 x 18,6 x 1,5 mm, P\u00d6\u00d6RATAVAD TERAD. 2 tera\/ pakis. Valmistatud vastupidavast HSS kiirl\u00f5iketerasest (Rockwelli k\u00f5vadus 63+HRC). Terad on teritatavad. Rohkem informatsiooni allpool.<\/p>\n","protected":false},"featured_media":12918,"template":"","meta":[],"product_brand":[],"product_cat":[2598,2584,816],"product_tag":[4344],"class_list":{"0":"post-11318","1":"product","2":"type-product","3":"status-publish","4":"has-post-thumbnail","6":"product_cat-hoovel-holzstar-adh-260","7":"product_cat-hoovliterad-hoovlile-holzstar","8":"product_cat-hoovliterad-markide-jargi","9":"product_tag-260-18-et-2","11":"first","12":"outofstock","13":"taxable","14":"shipping-taxable","15":"purchasable","16":"product-type-simple"},"jetpack_sharing_enabled":true,"_links":{"self":[{"href":"https:\/\/helliston.eu\/et\/wp-json\/wp\/v2\/product\/11318","targetHints":{"allow":["GET"]}}],"collection":[{"href":"https:\/\/helliston.eu\/et\/wp-json\/wp\/v2\/product"}],"about":[{"href":"https:\/\/helliston.eu\/et\/wp-json\/wp\/v2\/types\/product"}],"wp:featuredmedia":[{"embeddable":true,"href":"https:\/\/helliston.eu\/et\/wp-json\/wp\/v2\/media\/12918"}],"wp:attachment":[{"href":"https:\/\/helliston.eu\/et\/wp-json\/wp\/v2\/media?parent=11318"}],"wp:term":[{"taxonomy":"product_brand","embeddable":true,"href":"https:\/\/helliston.eu\/et\/wp-json\/wp\/v2\/product_brand?post=11318"},{"taxonomy":"product_cat","embeddable":true,"href":"https:\/\/helliston.eu\/et\/wp-json\/wp\/v2\/product_cat?post=11318"},{"taxonomy":"product_tag","embeddable":true,"href":"https:\/\/helliston.eu\/et\/wp-json\/wp\/v2\/product_tag?post=11318"}],"curies":[{"name":"wp","href":"https:\/\/api.w.org\/{rel}","templated":true}]}}