{"id":10989,"date":"2022-01-30T13:31:34","date_gmt":"2022-01-30T13:31:36","guid":{"rendered":"https:\/\/helliston.eu\/?post_type=product&#038;p=10989"},"modified":"2023-03-31T15:05:49","modified_gmt":"2023-03-31T15:05:49","slug":"hoovliterad-hoovlile-dewalt-dcp580n-d26500-qs-82mm","status":"publish","type":"product","link":"https:\/\/helliston.eu\/et\/toode\/hoovliterad-hoovlile-dewalt-dcp580n-d26500-qs-82mm\/","title":{"rendered":"H\u00f6\u00f6vliterad h\u00f6\u00f6vlile DeWalt DCP580N, D26500\/QS, 82mm"},"content":{"rendered":"","protected":false},"excerpt":{"rendered":"<p>H\u00f6\u00f6vliterad h\u00f6\u00f6vlile Dewalt DCP580N, D26500\/QS, 82 x 5,5 x 1,1mm. 5 paari = 10 h\u00f6\u00f6vlitera.<\/p>\n<ul>\n<li>HSS = pehmele puidule, siledam pinnaviimistlus ja teravamad kui TCT terad<\/li>\n<li>TCT = k\u00f5vale ja pehmele puule ning kestavad kuni 5 korda kauem kui tavalised HSS terad<\/li>\n<\/ul>\n<p>Rohkem informatsiooni allpool.<\/p>\n<p>***Pakendid on valmistatud k\u00f5vast papist ja ilma plastikuta.***<\/p>\n","protected":false},"featured_media":11223,"template":"","meta":[],"product_brand":[],"product_cat":[1522,1525,841,816],"product_tag":[],"class_list":{"0":"post-10989","1":"product","2":"type-product","3":"status-publish","4":"has-post-thumbnail","6":"product_cat-hoovel-dewalt-d26500","7":"product_cat-hoovel-dewalt-dcp580n","8":"product_cat-hoovliterad-hoovlile-dewalt","9":"product_cat-hoovliterad-markide-jargi","11":"first","12":"instock","13":"taxable","14":"shipping-taxable","15":"product-type-variable"},"jetpack_sharing_enabled":true,"_links":{"self":[{"href":"https:\/\/helliston.eu\/et\/wp-json\/wp\/v2\/product\/10989","targetHints":{"allow":["GET"]}}],"collection":[{"href":"https:\/\/helliston.eu\/et\/wp-json\/wp\/v2\/product"}],"about":[{"href":"https:\/\/helliston.eu\/et\/wp-json\/wp\/v2\/types\/product"}],"wp:featuredmedia":[{"embeddable":true,"href":"https:\/\/helliston.eu\/et\/wp-json\/wp\/v2\/media\/11223"}],"wp:attachment":[{"href":"https:\/\/helliston.eu\/et\/wp-json\/wp\/v2\/media?parent=10989"}],"wp:term":[{"taxonomy":"product_brand","embeddable":true,"href":"https:\/\/helliston.eu\/et\/wp-json\/wp\/v2\/product_brand?post=10989"},{"taxonomy":"product_cat","embeddable":true,"href":"https:\/\/helliston.eu\/et\/wp-json\/wp\/v2\/product_cat?post=10989"},{"taxonomy":"product_tag","embeddable":true,"href":"https:\/\/helliston.eu\/et\/wp-json\/wp\/v2\/product_tag?post=10989"}],"curies":[{"name":"wp","href":"https:\/\/api.w.org\/{rel}","templated":true}]}}