{"id":1067,"date":"2019-03-07T22:25:44","date_gmt":"2019-03-07T22:25:44","guid":{"rendered":"https:\/\/helliston.eu\/product\/hm-poordtera-40x12x1-5mm10-tk\/"},"modified":"2021-04-11T22:22:57","modified_gmt":"2021-04-11T22:22:57","slug":"hm-poordterad-40x12x1-5mm10-tk","status":"publish","type":"product","link":"https:\/\/helliston.eu\/et\/toode\/hm-poordterad-40x12x1-5mm10-tk\/","title":{"rendered":"HM P\u00f6\u00f6rdterad 40x12x1.5mm,10 tk"},"content":{"rendered":"","protected":false},"excerpt":{"rendered":"<p><strong>P\u00f6\u00f6rdterad 40 x 12 x 1.5<\/strong> mm on valmistatud v\u00e4ga vastupidavast k\u00f5vametallist (<strong>93.6 HRA<\/strong>), mist\u00f5ttu sobivad need nii HDFi, MDFi, puitlaastplaadi, lehtpuidu kui ka okaspuidu t\u00f6\u00f6tlemiseks. Omadustelt sarnane materjalile KCR08, mis peab ligikaudu 20% kauem vastu kui \u00fcldlevinud k\u00f5vametall HC05. Lisainformatsioon allpool.<\/p>\n","protected":false},"featured_media":25630,"template":"","meta":[],"product_brand":[],"product_cat":[268],"product_tag":[],"class_list":{"0":"post-1067","1":"product","2":"type-product","3":"status-publish","4":"has-post-thumbnail","6":"product_cat-poordterad","8":"first","9":"instock","10":"taxable","11":"shipping-taxable","12":"purchasable","13":"product-type-variable"},"jetpack_sharing_enabled":true,"_links":{"self":[{"href":"https:\/\/helliston.eu\/et\/wp-json\/wp\/v2\/product\/1067","targetHints":{"allow":["GET"]}}],"collection":[{"href":"https:\/\/helliston.eu\/et\/wp-json\/wp\/v2\/product"}],"about":[{"href":"https:\/\/helliston.eu\/et\/wp-json\/wp\/v2\/types\/product"}],"wp:featuredmedia":[{"embeddable":true,"href":"https:\/\/helliston.eu\/et\/wp-json\/wp\/v2\/media\/25630"}],"wp:attachment":[{"href":"https:\/\/helliston.eu\/et\/wp-json\/wp\/v2\/media?parent=1067"}],"wp:term":[{"taxonomy":"product_brand","embeddable":true,"href":"https:\/\/helliston.eu\/et\/wp-json\/wp\/v2\/product_brand?post=1067"},{"taxonomy":"product_cat","embeddable":true,"href":"https:\/\/helliston.eu\/et\/wp-json\/wp\/v2\/product_cat?post=1067"},{"taxonomy":"product_tag","embeddable":true,"href":"https:\/\/helliston.eu\/et\/wp-json\/wp\/v2\/product_tag?post=1067"}],"curies":[{"name":"wp","href":"https:\/\/api.w.org\/{rel}","templated":true}]}}