{"id":1062,"date":"2019-03-07T21:20:14","date_gmt":"2019-03-07T21:20:14","guid":{"rendered":"https:\/\/helliston.eu\/product\/hm-poordterad-14x14x2mm-freesipeale-freesipeadele-spiral-helical-cutter-ka-metabo-lf-724-s-varvieemaldile-metabo-festool-ct-hk-hw-10-tk\/"},"modified":"2020-06-25T15:38:41","modified_gmt":"2020-06-25T15:38:41","slug":"hm-poordterad-14x14x2mm-freesipeale-freesipeadele-spiral-helical-cutter-ka-metabo-lf-724-s-varvieemaldile-metabo-festool-ct-hk-hw-10-tk","status":"publish","type":"product","link":"https:\/\/helliston.eu\/et\/toode\/hm-poordterad-14x14x2mm-freesipeale-freesipeadele-spiral-helical-cutter-ka-metabo-lf-724-s-varvieemaldile-metabo-festool-ct-hk-hw-10-tk\/","title":{"rendered":"HM P\u00f6\u00f6rdterad 14x14x2.0mm, 10 tk freesipeale, spiral, helical cutter (ka Metabo LF 724 S v\u00e4rvieemaldile,  Festool CT-HK HW)"},"content":{"rendered":"","protected":false},"excerpt":{"rendered":"<p><strong>P\u00f6\u00f6rdterad 14 x 14 x 2.0 mm<\/strong> on valmistatud v\u00e4ga vastupidavast k\u00f5vametallist (<strong>93.6 HRA<\/strong>), mist\u00f5ttu sobivad need nii HDFi, MDFi, puitlaastplaadi, lehtpuidu kui ka okaspuidu t\u00f6\u00f6tlemiseks. Kasutusala on lai, sobivad paljudele <strong>freesipeadele<\/strong> kui ka <strong>Metabo Metabo LF 724 S v\u00f5i n\u00e4iteks Festool CT-HK HW.<\/strong> Omadustelt sarnane materjalile KCR08, mis peab ligikaudu 20% kauem vastu kui \u00fcldlevinud k\u00f5vametall HC05. Lisainformatsioon allpool.<\/p>\n","protected":false},"featured_media":25559,"template":"","meta":[],"product_brand":[],"product_cat":[268],"product_tag":[],"class_list":{"0":"post-1062","1":"product","2":"type-product","3":"status-publish","4":"has-post-thumbnail","6":"product_cat-poordterad","8":"first","9":"instock","10":"sale","11":"taxable","12":"shipping-taxable","13":"purchasable","14":"product-type-simple"},"jetpack_sharing_enabled":true,"_links":{"self":[{"href":"https:\/\/helliston.eu\/et\/wp-json\/wp\/v2\/product\/1062","targetHints":{"allow":["GET"]}}],"collection":[{"href":"https:\/\/helliston.eu\/et\/wp-json\/wp\/v2\/product"}],"about":[{"href":"https:\/\/helliston.eu\/et\/wp-json\/wp\/v2\/types\/product"}],"wp:featuredmedia":[{"embeddable":true,"href":"https:\/\/helliston.eu\/et\/wp-json\/wp\/v2\/media\/25559"}],"wp:attachment":[{"href":"https:\/\/helliston.eu\/et\/wp-json\/wp\/v2\/media?parent=1062"}],"wp:term":[{"taxonomy":"product_brand","embeddable":true,"href":"https:\/\/helliston.eu\/et\/wp-json\/wp\/v2\/product_brand?post=1062"},{"taxonomy":"product_cat","embeddable":true,"href":"https:\/\/helliston.eu\/et\/wp-json\/wp\/v2\/product_cat?post=1062"},{"taxonomy":"product_tag","embeddable":true,"href":"https:\/\/helliston.eu\/et\/wp-json\/wp\/v2\/product_tag?post=1062"}],"curies":[{"name":"wp","href":"https:\/\/api.w.org\/{rel}","templated":true}]}}