{"id":1057,"date":"2019-03-05T21:12:16","date_gmt":"2019-03-05T21:12:16","guid":{"rendered":"https:\/\/helliston.eu\/product\/varvikaabitsa-tera-50mm-wolframkarbiid-bahco-ergo-665-sandvik-storch-techno-kaabitsatele-1-tk\/"},"modified":"2020-06-26T08:44:10","modified_gmt":"2020-06-26T08:44:10","slug":"varvikaabitsa-tera-50mm-wolframkarbiid-bahco-ergo-665-sandvik-storch-techno-kaabitsatele-1-tk","status":"publish","type":"product","link":"https:\/\/helliston.eu\/et\/toode\/varvikaabitsa-tera-50mm-wolframkarbiid-bahco-ergo-665-sandvik-storch-techno-kaabitsatele-1-tk\/","title":{"rendered":"K\u00f5vametallist v\u00e4rvikaabitsa tera 65mm Bahco, Sandviki, Storchi, Techno jt kaabitsatele, 1 tk"},"content":{"rendered":"","protected":false},"excerpt":{"rendered":"<p>V\u00e4rvikaabitsa varuterad (<strong>65mm<\/strong>) sobivad suurep\u00e4raselt paljudele v\u00e4rvikaabitsatele (n. Bahco Ergo 665, Sandvik, Friess-Techno, Storch, jt). Valmistatud <strong>k\u00f5rgkvaliteetsest k\u00f5vametallist<\/strong>, <strong>poleeritud peegelsiledaks<\/strong> ning sobivad h\u00e4sti <strong>laki, v\u00e4rvi, rooste<\/strong> jms eemaldamiseks erinevalt materjalilt (<strong>puit, metall, betoon, plastik<\/strong> jt.). Lisainfo allpool.<\/p>\n","protected":false},"featured_media":21390,"template":"","meta":[],"product_brand":[],"product_cat":[3374,196],"product_tag":[],"class_list":{"0":"post-1057","1":"product","2":"type-product","3":"status-publish","4":"has-post-thumbnail","6":"product_cat-kaabitsale-bahco-ergo-650-665-625","7":"product_cat-varvikaabitsa-terad","9":"first","10":"instock","11":"taxable","12":"shipping-taxable","13":"purchasable","14":"product-type-simple"},"jetpack_sharing_enabled":true,"_links":{"self":[{"href":"https:\/\/helliston.eu\/et\/wp-json\/wp\/v2\/product\/1057","targetHints":{"allow":["GET"]}}],"collection":[{"href":"https:\/\/helliston.eu\/et\/wp-json\/wp\/v2\/product"}],"about":[{"href":"https:\/\/helliston.eu\/et\/wp-json\/wp\/v2\/types\/product"}],"wp:featuredmedia":[{"embeddable":true,"href":"https:\/\/helliston.eu\/et\/wp-json\/wp\/v2\/media\/21390"}],"wp:attachment":[{"href":"https:\/\/helliston.eu\/et\/wp-json\/wp\/v2\/media?parent=1057"}],"wp:term":[{"taxonomy":"product_brand","embeddable":true,"href":"https:\/\/helliston.eu\/et\/wp-json\/wp\/v2\/product_brand?post=1057"},{"taxonomy":"product_cat","embeddable":true,"href":"https:\/\/helliston.eu\/et\/wp-json\/wp\/v2\/product_cat?post=1057"},{"taxonomy":"product_tag","embeddable":true,"href":"https:\/\/helliston.eu\/et\/wp-json\/wp\/v2\/product_tag?post=1057"}],"curies":[{"name":"wp","href":"https:\/\/api.w.org\/{rel}","templated":true}]}}