{"id":10464,"date":"2022-01-29T18:43:15","date_gmt":"2022-01-29T18:43:16","guid":{"rendered":"https:\/\/helliston.eu\/?post_type=product&#038;p=10464"},"modified":"2023-03-18T07:35:00","modified_gmt":"2023-03-18T07:35:00","slug":"hss-planer-blades-knives-261mm-for-feider-f2550rd-261x165x15mm-2-pc","status":"publish","type":"product","link":"https:\/\/helliston.eu\/et\/toode\/hss-planer-blades-knives-261mm-for-feider-f2550rd-261x165x15mm-2-pc\/","title":{"rendered":"H\u00f6\u00f6vliterad h\u00f6\u00f6vlile FEIDER F2550RD, HSS, 261&#215;16,5&#215;1,5mm"},"content":{"rendered":"","protected":false},"excerpt":{"rendered":"<p>HSS h\u00f6\u00f6vliterad h\u00f6\u00f6vel-paksusmasinale <span id=\"productTitle\" class=\"a-size-large product-title-word-break\">FEIDER F2550RD<\/span>, 261 x 16,5 x 1,5 mm. 2 pakis. Valmistatud vastupidavast HSS kiirl\u00f5iketerasest (Rockwelli k\u00f5vadus 63+HRC). Terad on teritatavad. Rohkem informatsiooni allpool.<\/p>\n","protected":false},"featured_media":12487,"template":"","meta":[],"product_brand":[],"product_cat":[2452,2453,816],"product_tag":[],"class_list":{"0":"post-10464","1":"product","2":"type-product","3":"status-publish","4":"has-post-thumbnail","6":"product_cat-hoovlile-feider-f2550rd","7":"product_cat-hoovliterad-hoovlile-feider","8":"product_cat-hoovliterad-markide-jargi","10":"first","11":"instock","12":"sale","13":"taxable","14":"shipping-taxable","15":"purchasable","16":"product-type-simple"},"jetpack_sharing_enabled":true,"_links":{"self":[{"href":"https:\/\/helliston.eu\/et\/wp-json\/wp\/v2\/product\/10464","targetHints":{"allow":["GET"]}}],"collection":[{"href":"https:\/\/helliston.eu\/et\/wp-json\/wp\/v2\/product"}],"about":[{"href":"https:\/\/helliston.eu\/et\/wp-json\/wp\/v2\/types\/product"}],"wp:featuredmedia":[{"embeddable":true,"href":"https:\/\/helliston.eu\/et\/wp-json\/wp\/v2\/media\/12487"}],"wp:attachment":[{"href":"https:\/\/helliston.eu\/et\/wp-json\/wp\/v2\/media?parent=10464"}],"wp:term":[{"taxonomy":"product_brand","embeddable":true,"href":"https:\/\/helliston.eu\/et\/wp-json\/wp\/v2\/product_brand?post=10464"},{"taxonomy":"product_cat","embeddable":true,"href":"https:\/\/helliston.eu\/et\/wp-json\/wp\/v2\/product_cat?post=10464"},{"taxonomy":"product_tag","embeddable":true,"href":"https:\/\/helliston.eu\/et\/wp-json\/wp\/v2\/product_tag?post=10464"}],"curies":[{"name":"wp","href":"https:\/\/api.w.org\/{rel}","templated":true}]}}