{"id":10320,"date":"2022-01-28T20:37:44","date_gmt":"2022-01-28T20:37:44","guid":{"rendered":"https:\/\/helliston.eu\/?post_type=product&#038;p=10320"},"modified":"2023-03-22T14:58:31","modified_gmt":"2023-03-22T14:58:31","slug":"hss-planer-blades-knives-330mm-for-scheppach-plm1800-330x12x15mm-2-pc","status":"publish","type":"product","link":"https:\/\/helliston.eu\/et\/toode\/hss-planer-blades-knives-330mm-for-scheppach-plm1800-330x12x15mm-2-pc\/","title":{"rendered":"H\u00f6\u00f6vliterad h\u00f6\u00f6vlile Scheppach PLM1800, HSS, 333x12x1,5mm"},"content":{"rendered":"","protected":false},"excerpt":{"rendered":"<div class=\"product-short-description\">\n<p>HSS h\u00f6\u00f6velterad paksusmasinale Scheppach PLM1800 , 333 x 12 x 1,5 mm. 2 tera\/ pakis. Valmistatud vastupidavast HSS kiirl\u00f5iketerasest (Rockwelli k\u00f5vadus 63+HRC). Terad on teritatavad. Rohkem informatsiooni allpool.<\/p>\n<\/div>\n","protected":false},"featured_media":12443,"template":"","meta":[],"product_brand":[],"product_cat":[816,1768,881],"product_tag":[],"class_list":{"0":"post-10320","1":"product","2":"type-product","3":"status-publish","4":"has-post-thumbnail","6":"product_cat-hoovliterad-markide-jargi","7":"product_cat-riht-paksushoovel-scheppach-plm1800-330mm","8":"product_cat-hoovliterad-hoovlile-scheppach","10":"first","11":"instock","12":"sale","13":"taxable","14":"shipping-taxable","15":"purchasable","16":"product-type-simple"},"jetpack_sharing_enabled":true,"_links":{"self":[{"href":"https:\/\/helliston.eu\/et\/wp-json\/wp\/v2\/product\/10320","targetHints":{"allow":["GET"]}}],"collection":[{"href":"https:\/\/helliston.eu\/et\/wp-json\/wp\/v2\/product"}],"about":[{"href":"https:\/\/helliston.eu\/et\/wp-json\/wp\/v2\/types\/product"}],"wp:featuredmedia":[{"embeddable":true,"href":"https:\/\/helliston.eu\/et\/wp-json\/wp\/v2\/media\/12443"}],"wp:attachment":[{"href":"https:\/\/helliston.eu\/et\/wp-json\/wp\/v2\/media?parent=10320"}],"wp:term":[{"taxonomy":"product_brand","embeddable":true,"href":"https:\/\/helliston.eu\/et\/wp-json\/wp\/v2\/product_brand?post=10320"},{"taxonomy":"product_cat","embeddable":true,"href":"https:\/\/helliston.eu\/et\/wp-json\/wp\/v2\/product_cat?post=10320"},{"taxonomy":"product_tag","embeddable":true,"href":"https:\/\/helliston.eu\/et\/wp-json\/wp\/v2\/product_tag?post=10320"}],"curies":[{"name":"wp","href":"https:\/\/api.w.org\/{rel}","templated":true}]}}